{"id":11,"date":"2018-05-23T18:02:16","date_gmt":"2018-05-23T16:02:16","guid":{"rendered":"http:\/\/reviseursmarbaix.be\/?page_id=11"},"modified":"2025-07-02T15:58:33","modified_gmt":"2025-07-02T13:58:33","slug":"a-propos-de","status":"publish","type":"page","link":"https:\/\/reviseursmarbaix.be\/index.php\/a-propos-de\/","title":{"rendered":"\u00c0 propos de nous"},"content":{"rendered":"<div data-colibri-id=\"11-c1\" class=\"style-506 style-local-11-c1 position-relative\">\n  <!---->\n  <div data-colibri-component=\"section\" data-colibri-id=\"11-c2\" id=\"content\" class=\"h-section h-section-global-spacing d-flex align-items-lg-center align-items-md-center align-items-center style-511 style-local-11-c2 h-overflow-hidden position-relative\">\n    <!---->\n    <!---->\n    <div class=\"h-section-grid-container h-section-fluid-container\">\n      <!---->\n      <div data-colibri-id=\"11-c3\" class=\"h-row-container gutters-row-lg-0 gutters-row-md-0 gutters-row-2 gutters-row-v-lg-0 gutters-row-v-md-0 gutters-row-v-2 style-512 style-local-11-c3 position-relative\">\n        <!---->\n        <div class=\"h-row justify-content-lg-center justify-content-md-center justify-content-center align-items-lg-stretch align-items-md-stretch align-items-stretch gutters-col-lg-0 gutters-col-md-0 gutters-col-2 gutters-col-v-lg-0 gutters-col-v-md-0 gutters-col-v-2\">\n          <!---->\n          <div class=\"h-column h-column-container d-flex h-col-lg-auto h-col-md-auto h-col-auto style-513-outer style-local-11-c4-outer\">\n            <div data-colibri-id=\"11-c4\" class=\"d-flex h-flex-basis h-column__inner h-ui-empty-state-container h-px-lg-0 h-px-md-0 h-px-0 v-inner-lg-0 v-inner-md-0 v-inner-0 style-513 style-local-11-c4 position-relative\">\n              <!---->\n              <!---->\n              <div class=\"w-100 h-y-container h-column__content h-column__v-align flex-basis-100\">\n                <!---->\n              <\/div>\n            <\/div>\n          <\/div>\n          <div class=\"h-column h-column-container d-flex h-col-lg-auto h-col-md-auto h-col-auto style-514-outer style-local-11-c5-outer\">\n            <div data-colibri-id=\"11-c5\" class=\"d-flex h-flex-basis h-column__inner h-px-lg-0 h-px-md-0 h-px-0 v-inner-lg-0 v-inner-md-0 v-inner-0 style-514 style-local-11-c5 position-relative\">\n              <!---->\n              <!---->\n              <div class=\"w-100 h-y-container h-column__content h-column__v-align flex-basis-100 align-self-lg-start align-self-md-start align-self-start\">\n                <!---->\n                <div data-colibri-id=\"11-c6\" class=\"h-global-transition-all h-heading style-515 style-local-11-c6 position-relative h-element\">\n                  <!---->\n                  <div class=\"h-heading__outer style-515 style-local-11-c6\">\n                    <!---->\n                    <!---->\n                    <h4 class=\"\">andr\u00c9, marbaix &amp; c\u00b0<\/h4>\n                  <\/div>\n                <\/div>\n                <div data-colibri-id=\"11-c7\" class=\"h-global-transition-all h-heading style-516 style-local-11-c7 position-relative h-element\">\n                  <!---->\n                  <div class=\"h-heading__outer style-516 style-local-11-c7\">\n                    <!---->\n                    <!---->\n                    <h2 class=\"\">Un cabinet \u00e0 taille humaine&nbsp;<\/h2>\n                  <\/div>\n                <\/div>\n                <div data-colibri-id=\"11-c8\" class=\"h-text h-text-component style-517 style-local-11-c8 position-relative h-element\">\n                  <!---->\n                  <!---->\n                  <div class=\"\">\n                    <p>Fond\u00e9 en 2001 par Evelyne ANDR\u00c9, unique associ\u00e9e jusqu&rsquo;en 2015, le cabinet a ensuite int\u00e9gr\u00e9 l&rsquo;activit\u00e9 de Martine MARBAIX. Cette derni\u00e8re en est actuellement l&rsquo;administrateur.<\/p>\n                  <\/div>\n                <\/div>\n                <div data-colibri-id=\"11-c9\" class=\"h-row-container gutters-row-lg-2 gutters-row-md-2 gutters-row-0 gutters-row-v-lg-2 gutters-row-v-md-2 gutters-row-v-0 style-518 style-local-11-c9 position-relative\">\n                  <!---->\n                  <div class=\"h-row justify-content-lg-center justify-content-md-center justify-content-center align-items-lg-stretch align-items-md-stretch align-items-stretch gutters-col-lg-2 gutters-col-md-2 gutters-col-0 gutters-col-v-lg-2 gutters-col-v-md-2 gutters-col-v-0\">\n                    <!---->\n                    <div class=\"h-column h-column-container d-flex h-col-lg-6 h-col-md-6 h-col-6 style-519-outer style-local-11-c10-outer\">\n                      <div data-colibri-id=\"11-c10\" class=\"d-flex h-flex-basis h-column__inner h-px-lg-0 h-px-md-0 h-px-2 v-inner-lg-0 v-inner-md-0 v-inner-2 style-519 style-local-11-c10 position-relative\">\n                        <!---->\n                        <!---->\n                        <div class=\"w-100 h-y-container h-column__content h-column__v-align flex-basis-100 align-self-lg-start align-self-md-start align-self-start\">\n                          <!---->\n                          <div data-colibri-id=\"11-c11\" class=\"h-global-transition-all h-heading style-520 style-local-11-c11 position-relative h-element\">\n                            <!---->\n                            <div class=\"h-heading__outer style-520 style-local-11-c11\">\n                              <!---->\n                              <!---->\n                              <h5 class=\"\">une solide exp\u00e9rience<\/h5>\n                            <\/div>\n                          <\/div>\n                          <div data-colibri-id=\"11-c12\" class=\"h-text h-text-component style-521 style-local-11-c12 position-relative h-element\">\n                            <!---->\n                            <!---->\n                            <div class=\"\">\n                              <p>R\u00e9viseur d&rsquo;entreprises depuis plus de 30 ans, Martine MARBAIX jouit d&rsquo;une solide exp\u00e9rience qu&rsquo;elle met au service de l&rsquo;\u00e9quipe et des clients du cabinet.<\/p>\n                              <p>\n                                <br>\n                              <\/p>\n                            <\/div>\n                          <\/div>\n                        <\/div>\n                      <\/div>\n                    <\/div>\n                    <div class=\"h-column h-column-container d-flex h-col-lg-6 h-col-md-6 h-col-6 style-519-outer style-local-11-c13-outer\">\n                      <div data-colibri-id=\"11-c13\" class=\"d-flex h-flex-basis h-column__inner h-px-lg-0 h-px-md-0 h-px-2 v-inner-lg-0 v-inner-md-0 v-inner-2 style-519 style-local-11-c13 position-relative\">\n                        <!---->\n                        <!---->\n                        <div class=\"w-100 h-y-container h-column__content h-column__v-align flex-basis-100 align-self-lg-start align-self-md-start align-self-start\">\n                          <!---->\n                          <div data-colibri-id=\"11-c14\" class=\"h-global-transition-all h-heading style-520 style-local-11-c14 position-relative h-element\">\n                            <!---->\n                            <div class=\"h-heading__outer style-520 style-local-11-c14\">\n                              <!---->\n                              <!---->\n                              <h5 class=\"\">une activit\u00e9 diversifi\u00e9e<\/h5>\n                            <\/div>\n                          <\/div>\n                          <div data-colibri-id=\"11-c15\" class=\"h-text h-text-component style-521 style-local-11-c15 position-relative h-element\">\n                            <!---->\n                            <!---->\n                            <div class=\"\">\n                              <p><span style=\"color: rgb(64, 85, 169); font-family: &quot;Open Sans&quot;; font-size: 16px; font-weight: 400;\">Outre les mandats de commissaire, le cabinet s&rsquo;est sp\u00e9cialis\u00e9 dans les missions sp\u00e9ciales (audit d&rsquo;acquisition, fusion, scission, transformation de forme juridique, proc\u00e9dure de r\u00e9organisation judiciaire, due diligence, expertise, &#8230; ).<\/span><\/p>\n                            <\/div>\n                          <\/div>\n                        <\/div>\n                      <\/div>\n                    <\/div>\n                    <div class=\"h-column h-column-container d-flex h-col-lg-6 h-col-md-6 h-col-6 style-519-outer style-local-11-c16-outer\">\n                      <div data-colibri-id=\"11-c16\" class=\"d-flex h-flex-basis h-column__inner h-px-lg-0 h-px-md-0 h-px-2 v-inner-lg-0 v-inner-md-0 v-inner-2 style-519 style-local-11-c16 position-relative\">\n                        <!---->\n                        <!---->\n                        <div class=\"w-100 h-y-container h-column__content h-column__v-align flex-basis-100 align-self-lg-start align-self-md-start align-self-start\">\n                          <!---->\n                          <div data-colibri-id=\"11-c17\" class=\"h-global-transition-all h-heading style-520 style-local-11-c17 position-relative h-element\">\n                            <!---->\n                            <div class=\"h-heading__outer style-520 style-local-11-c17\">\n                              <!---->\n                              <!---->\n                              <h5 class=\"\">UNE CLIENT\u00c8LE VARI\u00c9E<\/h5>\n                            <\/div>\n                          <\/div>\n                          <div data-colibri-id=\"11-c18\" class=\"h-text h-text-component style-521 style-local-11-c18 position-relative h-element\">\n                            <!---->\n                            <!---->\n                            <div class=\"\">\n                              <p><span style=\"color: rgb(64, 85, 169); font-family: &quot;Open Sans&quot;; font-size: 16px; font-weight: 400;\">La client\u00e8le du cabinet est vari\u00e9e, compos\u00e9e d&rsquo;entreprises priv\u00e9es et publiques. Le cabinet s&rsquo;oriente, depuis sa constitution, vers les structures petites ou moyennes o\u00f9 l&rsquo;attention \u00e0 apporter \u00e0 l&rsquo;organisation interne est la plus importante et o\u00f9 l&rsquo;implication directe du R\u00e9viseur d&rsquo;Entreprises est souhait\u00e9e.<\/span><\/p>\n                            <\/div>\n                          <\/div>\n                        <\/div>\n                      <\/div>\n                    <\/div>\n                    <div class=\"h-column h-column-container d-flex h-col-lg-6 h-col-md-6 h-col-6 style-519-outer style-local-11-c19-outer\">\n                      <div data-colibri-id=\"11-c19\" class=\"d-flex h-flex-basis h-column__inner h-px-lg-0 h-px-md-0 h-px-2 v-inner-lg-0 v-inner-md-0 v-inner-2 style-519 style-local-11-c19 position-relative\">\n                        <!---->\n                        <!---->\n                        <div class=\"w-100 h-y-container h-column__content h-column__v-align flex-basis-100 align-self-lg-start align-self-md-start align-self-start\">\n                          <!---->\n                          <div data-colibri-id=\"11-c20\" class=\"h-global-transition-all h-heading style-520 style-local-11-c20 position-relative h-element\">\n                            <!---->\n                            <div class=\"h-heading__outer style-520 style-local-11-c20\">\n                              <!---->\n                              <!---->\n                              <h5 class=\"\">UNE \u00c9QUIPE PLURIDISCIPLINAIRE<\/h5>\n                            <\/div>\n                          <\/div>\n                          <div data-colibri-id=\"11-c21\" class=\"h-text h-text-component style-521 style-local-11-c21 position-relative h-element\">\n                            <!---->\n                            <!---->\n                            <div class=\"\">\n                              <p><span style=\"font-weight: 400; font-size: 16px; font-family: &quot;Open Sans&quot;; color: rgb(64, 85, 169);\">Gr\u00e2ce \u00e0 son exp\u00e9rience, ses comp\u00e9tences, sa motivation et son enthousiasme, notre \u00e9quipe m\u00e8ne \u00e0 bien ses travaux dans une d\u00e9marche garantissant une intervention personnalis\u00e9e, flexible et adapt\u00e9e \u00e0 vos besoins.<\/span><\/p>\n                            <\/div>\n                          <\/div>\n                        <\/div>\n                      <\/div>\n                    <\/div>\n                  <\/div>\n                <\/div>\n              <\/div>\n            <\/div>\n          <\/div>\n        <\/div>\n      <\/div>\n    <\/div>\n  <\/div>\n<\/div>","protected":false},"excerpt":{"rendered":"<p>andr\u00c9, marbaix &amp; c\u00b0 Un cabinet \u00e0 taille humaine&nbsp; Fond\u00e9 en 2001 par Evelyne ANDR\u00c9, unique associ\u00e9e jusqu&rsquo;en 2015, le cabinet a ensuite int\u00e9gr\u00e9 l&rsquo;activit\u00e9 de Martine MARBAIX. Cette derni\u00e8re en est actuellement l&rsquo;administrateur. une solide exp\u00e9rience R\u00e9viseur d&rsquo;entreprises depuis plus de 30 ans, Martine MARBAIX jouit d&rsquo;une solide exp\u00e9rience qu&rsquo;elle met au service de [&hellip;]<\/p>\n","protected":false},"author":1,"featured_media":0,"parent":0,"menu_order":0,"comment_status":"closed","ping_status":"closed","template":"page-templates\/full-width-page.php","meta":{"footnotes":""},"class_list":["post-11","page","type-page","status-publish","hentry"],"_links":{"self":[{"href":"https:\/\/reviseursmarbaix.be\/index.php\/wp-json\/wp\/v2\/pages\/11","targetHints":{"allow":["GET"]}}],"collection":[{"href":"https:\/\/reviseursmarbaix.be\/index.php\/wp-json\/wp\/v2\/pages"}],"about":[{"href":"https:\/\/reviseursmarbaix.be\/index.php\/wp-json\/wp\/v2\/types\/page"}],"author":[{"embeddable":true,"href":"https:\/\/reviseursmarbaix.be\/index.php\/wp-json\/wp\/v2\/users\/1"}],"replies":[{"embeddable":true,"href":"https:\/\/reviseursmarbaix.be\/index.php\/wp-json\/wp\/v2\/comments?post=11"}],"version-history":[{"count":8,"href":"https:\/\/reviseursmarbaix.be\/index.php\/wp-json\/wp\/v2\/pages\/11\/revisions"}],"predecessor-version":[{"id":1097,"href":"https:\/\/reviseursmarbaix.be\/index.php\/wp-json\/wp\/v2\/pages\/11\/revisions\/1097"}],"wp:attachment":[{"href":"https:\/\/reviseursmarbaix.be\/index.php\/wp-json\/wp\/v2\/media?parent=11"}],"curies":[{"name":"wp","href":"https:\/\/api.w.org\/{rel}","templated":true}]}}