{"id":193,"date":"2021-02-19T13:47:46","date_gmt":"2021-02-19T12:47:46","guid":{"rendered":"http:\/\/reviseursmarbaix.be\/?page_id=193"},"modified":"2021-02-23T16:35:31","modified_gmt":"2021-02-23T15:35:31","slug":"nos-valeurs","status":"publish","type":"page","link":"https:\/\/reviseursmarbaix.be\/index.php\/nos-valeurs\/","title":{"rendered":"Nos valeurs"},"content":{"rendered":"<div data-colibri-id=\"193-c1\" class=\"style-483 style-local-193-c1 position-relative\">\n  <!---->\n  <div data-colibri-component=\"section\" data-colibri-id=\"193-c6\" id=\"features\" class=\"h-section h-section-global-spacing d-flex align-items-lg-center align-items-md-center align-items-center style-488 style-local-193-c6 position-relative\">\n    <!---->\n    <!---->\n    <div class=\"h-section-grid-container h-section-boxed-container\">\n      <div data-colibri-id=\"193-c36\" class=\"h-row-container gutters-row-lg-2 gutters-row-md-2 gutters-row-0 gutters-row-v-lg-2 gutters-row-v-md-2 gutters-row-v-2 style-497 style-local-193-c36 position-relative\">\n        <!---->\n        <div class=\"h-row justify-content-lg-center justify-content-md-center justify-content-center align-items-lg-stretch align-items-md-stretch align-items-stretch gutters-col-lg-2 gutters-col-md-2 gutters-col-0 gutters-col-v-lg-2 gutters-col-v-md-2 gutters-col-v-2\">\n          <!---->\n          <div class=\"h-column h-column-container d-flex h-col-lg-auto h-col-md-auto h-col-auto style-498-outer style-local-193-c37-outer\">\n            <div data-colibri-id=\"193-c37\" class=\"d-flex h-flex-basis h-column__inner h-px-lg-2 h-px-md-2 h-px-2 v-inner-lg-2 v-inner-md-2 v-inner-2 style-498 style-local-193-c37 position-relative\">\n              <!---->\n              <!---->\n              <div class=\"w-100 h-y-container h-column__content h-column__v-align flex-basis-100 align-self-lg-start align-self-md-start align-self-start\">\n                <!---->\n                <div data-colibri-id=\"193-c38\" class=\"h-global-transition-all h-heading style-499 style-local-193-c38 position-relative h-element\">\n                  <!---->\n                  <div class=\"h-heading__outer style-499 style-local-193-c38\">\n                    <!---->\n                    <!---->\n                    <h2 class=\"\">Notre vision du travail<\/h2>\n                  <\/div>\n                <\/div>\n                <div data-colibri-id=\"193-c39\" class=\"h-lead h-text h-text-component style-500 style-local-193-c39 position-relative h-element\">\n                  <!---->\n                  <!---->\n                  <div class=\"\">\n                    <p>Nos missions sont accomplies par des collaborateurs qualifi\u00e9s, exp\u00e9riment\u00e9s et qui partagent les valeurs du cabinet.<\/p>\n                  <\/div>\n                <\/div>\n              <\/div>\n            <\/div>\n          <\/div>\n        <\/div>\n      <\/div>\n      <div data-colibri-id=\"193-c7\" class=\"h-row-container gutters-row-lg-2 gutters-row-md-2 gutters-row-2 gutters-row-v-lg-2 gutters-row-v-md-2 gutters-row-v-2 style-489 style-local-193-c7 position-relative\">\n        <!---->\n        <div class=\"h-row justify-content-lg-center justify-content-md-center justify-content-center align-items-lg-stretch align-items-md-stretch align-items-stretch gutters-col-lg-2 gutters-col-md-2 gutters-col-2 gutters-col-v-lg-2 gutters-col-v-md-2 gutters-col-v-2\">\n          <!---->\n          <div class=\"h-column h-column-container d-flex h-col-lg-6 h-col-md-6 h-col-12 style-490-outer style-local-193-c8-outer\">\n            <div data-colibri-id=\"193-c8\" class=\"d-flex h-flex-basis h-column__inner h-px-lg-0 h-px-md-0 h-px-2 v-inner-lg-0 v-inner-md-0 v-inner-2 style-490 style-local-193-c8 position-relative\">\n              <!---->\n              <!---->\n              <div class=\"w-100 h-y-container h-column__content h-column__v-align flex-basis-100 align-self-lg-start align-self-md-start align-self-start\">\n                <!---->\n                <div data-colibri-id=\"193-c9\" class=\"h-row-container gutters-row-lg-1 gutters-row-md-1 gutters-row-0 gutters-row-v-lg-1 gutters-row-v-md-1 gutters-row-v-2 style-491 style-local-193-c9 position-relative\">\n                  <!---->\n                  <div class=\"h-row justify-content-lg-center justify-content-md-center justify-content-center align-items-lg-stretch align-items-md-stretch align-items-stretch gutters-col-lg-1 gutters-col-md-1 gutters-col-0 gutters-col-v-lg-1 gutters-col-v-md-1 gutters-col-v-2\">\n                    <!---->\n                    <div class=\"h-column h-column-container d-flex h-col-lg-auto h-col-md-auto h-col-auto style-492-outer style-local-193-c10-outer\">\n                      <div data-colibri-id=\"193-c10\" class=\"d-flex h-flex-basis h-column__inner h-px-lg-1 h-px-md-1 h-px-1 v-inner-lg-1 v-inner-md-1 v-inner-1 style-492 style-local-193-c10 position-relative\">\n                        <!---->\n                        <!---->\n                        <div class=\"w-100 h-y-container h-column__content h-column__v-align flex-basis-auto align-self-lg-start align-self-md-start align-self-start\">\n                          <!---->\n                          <div data-colibri-id=\"193-c11\" class=\"h-icon style-493 style-local-193-c11 position-relative h-element\">\n                            <!----><span class=\"h-svg-icon h-icon__icon style-493-icon style-local-193-c11-icon\"><!--Icon by Icons8 Line Awesome (https:\/\/icons8.com\/line-awesome)--><svg version=\"1.1\" xmlns=\"http:\/\/www.w3.org\/2000\/svg\" xmlns:xlink=\"http:\/\/www.w3.org\/1999\/xlink\" id=\"connectdevelop\" viewBox=\"0 0 512 545.5\"><path d=\"M146.5 99h219l4.5 8 100 174.5 4.5 8-4.5 8L370 472l-4.5 8h-219l-4.5-8L42 297.5l-4.5-8 4.5-8L142 107zm39 32l25 26 73-26h-98zm146 0L223 169.5l35 36.5zm-167 1.5l-.5 1V174l30.5-11zm184.5 3l-79.5 82 57 59L391 208zm-201 26L135 184l13-4.5v-18zm58.5 14L164 191v62l23.5 25 59.5-60.5zm-58.5 21l-25.5 9-1 2L148 236v-39.5zM113 222l-38.5 67.5 38 66L148 319v-59.5zm285 2l-60.5 64 38.5 39.5zm-140 5l-59.5 61 57.5 61 59.5-63zm152.5 13.5l-20.5 99 11 11.5 36.5-63.5zm-246.5 34v26l12.5-13zm162.5 23L267 363l8.5 9H367l5.5-25.5zm-139 2L164 325v47h72l9-9zm-39.5 40L120.5 370l1.5 2h26v-30.5zm238 19l-2.5 11.5h6.5l2.5-4.5zM131 388l17 29.5V388h-17zm33 0v57.5l1 2 56-59.5h-57zm79 0l-56.5 60h138l-56-60H243zm47.5 0l56 60 7-12 10-48h-73zm89.5 0l-.5 2.5 1.5-2.5h-1z\"><\/path><\/svg><\/span><\/div>\n                        <\/div>\n                      <\/div>\n                    <\/div>\n                    <div class=\"h-column h-column-container d-flex h-col-lg h-col-md h-col-auto style-494-outer style-local-193-c12-outer\">\n                      <div data-colibri-id=\"193-c12\" class=\"d-flex h-flex-basis h-column__inner h-px-lg-1 h-px-md-1 h-px-1 v-inner-lg-1 v-inner-md-1 v-inner-1 style-494 style-local-193-c12 position-relative\">\n                        <!---->\n                        <!---->\n                        <div class=\"w-100 h-y-container h-column__content h-column__v-align flex-basis-100 align-self-lg-start align-self-md-start align-self-start\">\n                          <!---->\n                          <div data-colibri-id=\"193-c13\" class=\"h-global-transition-all h-heading style-495 style-local-193-c13 position-relative h-element\">\n                            <!---->\n                            <div class=\"h-heading__outer style-495 style-local-193-c13\">\n                              <!---->\n                              <!---->\n                              <h5 class=\"\">professionnalisme<\/h5>\n                            <\/div>\n                          <\/div>\n                          <div data-colibri-id=\"193-c14\" class=\"h-text h-text-component style-496 style-local-193-c14 position-relative h-element\">\n                            <!---->\n                            <!---->\n                            <div class=\"\">\n                              <p>Outre l&rsquo;organisation d&rsquo;une formation continue de ses collaborateurs, notre cabinet a mis en place un syst\u00e8me de contr\u00f4le qualit\u00e9 interne bas\u00e9 sur la norme ISQC 1.<\/p>\n                              <p>Il est destin\u00e9 \u00e0 fournir l&rsquo;assurance que ses collaborateurs et associ\u00e9s se conforment aux normes et aux exigences l\u00e9gales et r\u00e9glementaires applicables et que le choix des responsables de mission, ainsi que les rapports et\n                                opinions \u00e9mis, sont appropri\u00e9s en fonction des circonstances.<\/p>\n                            <\/div>\n                          <\/div>\n                        <\/div>\n                      <\/div>\n                    <\/div>\n                  <\/div>\n                <\/div>\n              <\/div>\n            <\/div>\n          <\/div>\n          <div class=\"h-column h-column-container d-flex h-col-lg-6 h-col-md-6 h-col-12 style-490-outer style-local-193-c15-outer\">\n            <div data-colibri-id=\"193-c15\" class=\"d-flex h-flex-basis h-column__inner h-px-lg-0 h-px-md-0 h-px-2 v-inner-lg-0 v-inner-md-0 v-inner-2 style-490 style-local-193-c15 position-relative\">\n              <!---->\n              <!---->\n              <div class=\"w-100 h-y-container h-column__content h-column__v-align flex-basis-100 align-self-lg-start align-self-md-start align-self-start\">\n                <!---->\n                <div data-colibri-id=\"193-c16\" class=\"h-row-container gutters-row-lg-1 gutters-row-md-1 gutters-row-0 gutters-row-v-lg-1 gutters-row-v-md-1 gutters-row-v-2 style-491 style-local-193-c16 position-relative\">\n                  <!---->\n                  <div class=\"h-row justify-content-lg-center justify-content-md-center justify-content-center align-items-lg-stretch align-items-md-stretch align-items-stretch gutters-col-lg-1 gutters-col-md-1 gutters-col-0 gutters-col-v-lg-1 gutters-col-v-md-1 gutters-col-v-2\">\n                    <!---->\n                    <div class=\"h-column h-column-container d-flex h-col-lg-auto h-col-md-auto h-col-auto style-492-outer style-local-193-c17-outer\">\n                      <div data-colibri-id=\"193-c17\" class=\"d-flex h-flex-basis h-column__inner h-px-lg-1 h-px-md-1 h-px-1 v-inner-lg-1 v-inner-md-1 v-inner-1 style-492 style-local-193-c17 position-relative\">\n                        <!---->\n                        <!---->\n                        <div class=\"w-100 h-y-container h-column__content h-column__v-align flex-basis-auto align-self-lg-start align-self-md-start align-self-start\">\n                          <!---->\n                          <div data-colibri-id=\"193-c18\" class=\"h-icon style-493 style-local-193-c18 position-relative h-element\">\n                            <!----><span class=\"h-svg-icon h-icon__icon style-493-icon style-local-193-c18-icon\"><!--Icon by Icons8 Line Awesome (https:\/\/icons8.com\/line-awesome)--><svg version=\"1.1\" xmlns=\"http:\/\/www.w3.org\/2000\/svg\" xmlns:xlink=\"http:\/\/www.w3.org\/1999\/xlink\" id=\"codepen\" viewBox=\"0 0 512 545.5\"><path d=\"M256 77.5l9 6L457 212l7 4.5v143l-7 4.5-192 128.5-9 6-9-6L55 364l-7-4.5v-143l7-4.5L247 83.5zm-16 49l-147 99 64.5 43.5 82.5-55.5v-87zm32 0v87l82.5 55.5 64.5-43.5zm-16 115L186.5 288l69.5 46.5 69.5-46.5zM80 255v66l49-33zm352 0l-49 33 49 33v-66zm-274 52l-65 43.5 147 99v-87zm196 0l-82 55.5v87l147-99z\"><\/path><\/svg><\/span><\/div>\n                        <\/div>\n                      <\/div>\n                    <\/div>\n                    <div class=\"h-column h-column-container d-flex h-col-lg h-col-md h-col-auto style-494-outer style-local-193-c19-outer\">\n                      <div data-colibri-id=\"193-c19\" class=\"d-flex h-flex-basis h-column__inner h-px-lg-1 h-px-md-1 h-px-1 v-inner-lg-1 v-inner-md-1 v-inner-1 style-494 style-local-193-c19 position-relative\">\n                        <!---->\n                        <!---->\n                        <div class=\"w-100 h-y-container h-column__content h-column__v-align flex-basis-100 align-self-lg-start align-self-md-start align-self-start\">\n                          <!---->\n                          <div data-colibri-id=\"193-c20\" class=\"h-global-transition-all h-heading style-495 style-local-193-c20 position-relative h-element\">\n                            <!---->\n                            <div class=\"h-heading__outer style-495 style-local-193-c20\">\n                              <!---->\n                              <!---->\n                              <h5 class=\"\">ind\u00e9pendance<\/h5>\n                            <\/div>\n                          <\/div>\n                          <div data-colibri-id=\"193-c21\" class=\"h-text h-text-component style-496 style-local-193-c21 position-relative h-element\">\n                            <!---->\n                            <!---->\n                            <div class=\"\">\n                              <p>Notre cabinet s&rsquo;est toujours conform\u00e9 strictement, et bien avant le renforcement des l\u00e9gislations, aux r\u00e8gles de d\u00e9ontologie et d&rsquo;ind\u00e9pendance dans l&rsquo;exercice de diff\u00e9rentes missions qui lui sont confi\u00e9es et, notamment, la\n                                mission de commissaire.<\/p>\n                            <\/div>\n                          <\/div>\n                        <\/div>\n                      <\/div>\n                    <\/div>\n                  <\/div>\n                <\/div>\n              <\/div>\n            <\/div>\n          <\/div>\n          <div class=\"h-column h-column-container d-flex h-col-lg-6 h-col-md-6 h-col-12 style-490-outer style-local-193-c22-outer\">\n            <div data-colibri-id=\"193-c22\" class=\"d-flex h-flex-basis h-column__inner h-px-lg-0 h-px-md-0 h-px-2 v-inner-lg-0 v-inner-md-0 v-inner-2 style-490 style-local-193-c22 position-relative\">\n              <!---->\n              <!---->\n              <div class=\"w-100 h-y-container h-column__content h-column__v-align flex-basis-100 align-self-lg-start align-self-md-start align-self-start\">\n                <!---->\n                <div data-colibri-id=\"193-c23\" class=\"h-row-container gutters-row-lg-1 gutters-row-md-1 gutters-row-0 gutters-row-v-lg-1 gutters-row-v-md-1 gutters-row-v-2 style-491 style-local-193-c23 position-relative\">\n                  <!---->\n                  <div class=\"h-row justify-content-lg-center justify-content-md-center justify-content-center align-items-lg-stretch align-items-md-stretch align-items-stretch gutters-col-lg-1 gutters-col-md-1 gutters-col-0 gutters-col-v-lg-1 gutters-col-v-md-1 gutters-col-v-2\">\n                    <!---->\n                    <div class=\"h-column h-column-container d-flex h-col-lg-auto h-col-md-auto h-col-auto style-492-outer style-local-193-c24-outer\">\n                      <div data-colibri-id=\"193-c24\" class=\"d-flex h-flex-basis h-column__inner h-px-lg-1 h-px-md-1 h-px-1 v-inner-lg-1 v-inner-md-1 v-inner-1 style-492 style-local-193-c24 position-relative\">\n                        <!---->\n                        <!---->\n                        <div class=\"w-100 h-y-container h-column__content h-column__v-align flex-basis-auto align-self-lg-start align-self-md-start align-self-start\">\n                          <!---->\n                          <div data-colibri-id=\"193-c25\" class=\"h-icon style-493 style-local-193-c25 position-relative h-element\">\n                            <!----><span class=\"h-svg-icon h-icon__icon style-493-icon style-local-193-c25-icon\"><!--Icon by Icons8 Line Awesome (https:\/\/icons8.com\/line-awesome)--><svg version=\"1.1\" xmlns=\"http:\/\/www.w3.org\/2000\/svg\" xmlns:xlink=\"http:\/\/www.w3.org\/1999\/xlink\" id=\"cube\" viewBox=\"0 0 512 545.5\"><path d=\"M256 102.5l6.5 3 160 72 9.5 4v203l-8 4.5-160 89-8 4.5-8-4.5-160-89-8-4.5v-203l9.5-4 160-72zm0 35l-123 55L256 254l123-61.5zM112 218v147.5l128 71V282zm288 0l-128 64v154.5l128-71V218z\"><\/path><\/svg><\/span><\/div>\n                        <\/div>\n                      <\/div>\n                    <\/div>\n                    <div class=\"h-column h-column-container d-flex h-col-lg h-col-md h-col-auto style-494-outer style-local-193-c26-outer\">\n                      <div data-colibri-id=\"193-c26\" class=\"d-flex h-flex-basis h-column__inner h-px-lg-1 h-px-md-1 h-px-1 v-inner-lg-1 v-inner-md-1 v-inner-1 style-494 style-local-193-c26 position-relative\">\n                        <!---->\n                        <!---->\n                        <div class=\"w-100 h-y-container h-column__content h-column__v-align flex-basis-100 align-self-lg-start align-self-md-start align-self-start\">\n                          <!---->\n                          <div data-colibri-id=\"193-c27\" class=\"h-global-transition-all h-heading style-495 style-local-193-c27 position-relative h-element\">\n                            <!---->\n                            <div class=\"h-heading__outer style-495 style-local-193-c27\">\n                              <!---->\n                              <!---->\n                              <h5 class=\"\">COMP\u00c9TENCE, PROXIMIT\u00c9 ET RIGUEUR<\/h5>\n                            <\/div>\n                          <\/div>\n                          <div data-colibri-id=\"193-c28\" class=\"h-text h-text-component style-496 style-local-193-c28 position-relative h-element\">\n                            <!---->\n                            <!---->\n                            <div class=\"\">\n                              <p>Notre cabinet a pour objectif de cr\u00e9er une relation de confiance, de proximit\u00e9 et de rigueur avec ses clients, gages de services personnalis\u00e9s et de qualit\u00e9.&nbsp;<\/p>\n                              <p>Notre engagement est d\u2019apporter, \u00e0 partir des chiffres, une r\u00e9elle valeur ajout\u00e9e aux entreprises et institutions.<\/p>\n                            <\/div>\n                          <\/div>\n                        <\/div>\n                      <\/div>\n                    <\/div>\n                  <\/div>\n                <\/div>\n              <\/div>\n            <\/div>\n          <\/div>\n          <div class=\"h-column h-column-container d-flex h-col-lg-6 h-col-md-6 h-col-12 style-490-outer style-local-193-c29-outer\">\n            <div data-colibri-id=\"193-c29\" class=\"d-flex h-flex-basis h-column__inner h-px-lg-0 h-px-md-0 h-px-2 v-inner-lg-0 v-inner-md-0 v-inner-2 style-490 style-local-193-c29 position-relative\">\n              <!---->\n              <!---->\n              <div class=\"w-100 h-y-container h-column__content h-column__v-align flex-basis-100 align-self-lg-start align-self-md-start align-self-start\">\n                <!---->\n                <div data-colibri-id=\"193-c30\" class=\"h-row-container gutters-row-lg-1 gutters-row-md-1 gutters-row-0 gutters-row-v-lg-1 gutters-row-v-md-1 gutters-row-v-2 style-491 style-local-193-c30 position-relative\">\n                  <!---->\n                  <div class=\"h-row justify-content-lg-center justify-content-md-center justify-content-center align-items-lg-stretch align-items-md-stretch align-items-stretch gutters-col-lg-1 gutters-col-md-1 gutters-col-0 gutters-col-v-lg-1 gutters-col-v-md-1 gutters-col-v-2\">\n                    <!---->\n                    <div class=\"h-column h-column-container d-flex h-col-lg-auto h-col-md-auto h-col-auto style-492-outer style-local-193-c31-outer\">\n                      <div data-colibri-id=\"193-c31\" class=\"d-flex h-flex-basis h-column__inner h-px-lg-1 h-px-md-1 h-px-1 v-inner-lg-1 v-inner-md-1 v-inner-1 style-492 style-local-193-c31 position-relative\">\n                        <!---->\n                        <!---->\n                        <div class=\"w-100 h-y-container h-column__content h-column__v-align flex-basis-auto align-self-lg-start align-self-md-start align-self-start\">\n                          <!---->\n                          <div data-colibri-id=\"193-c32\" class=\"h-icon style-493 style-local-193-c32 position-relative h-element\">\n                            <!----><span class=\"h-svg-icon h-icon__icon style-493-icon style-local-193-c32-icon\"><!--Icon by Icons8 Line Awesome (https:\/\/icons8.com\/line-awesome)--><svg version=\"1.1\" xmlns=\"http:\/\/www.w3.org\/2000\/svg\" xmlns:xlink=\"http:\/\/www.w3.org\/1999\/xlink\" id=\"database\" viewBox=\"0 0 512 545.5\"><path d=\"M80 96h320v384H80V96zm32 32v80h256v-80H112zm0 112v96h256v-96H112zm0 128v80h256v-80H112z\"><\/path><\/svg><\/span><\/div>\n                        <\/div>\n                      <\/div>\n                    <\/div>\n                    <div class=\"h-column h-column-container d-flex h-col-lg h-col-md h-col-auto style-494-outer style-local-193-c33-outer\">\n                      <div data-colibri-id=\"193-c33\" class=\"d-flex h-flex-basis h-column__inner h-px-lg-1 h-px-md-1 h-px-1 v-inner-lg-1 v-inner-md-1 v-inner-1 style-494 style-local-193-c33 position-relative\">\n                        <!---->\n                        <!---->\n                        <div class=\"w-100 h-y-container h-column__content h-column__v-align flex-basis-100 align-self-lg-start align-self-md-start align-self-start\">\n                          <!---->\n                          <div data-colibri-id=\"193-c34\" class=\"h-global-transition-all h-heading style-495 style-local-193-c34 position-relative h-element\">\n                            <!---->\n                            <div class=\"h-heading__outer style-495 style-local-193-c34\">\n                              <!---->\n                              <!---->\n                              <h5 class=\"\">Analyse approfondie<\/h5>\n                            <\/div>\n                          <\/div>\n                          <div data-colibri-id=\"193-c35\" class=\"h-text h-text-component style-496 style-local-193-c35 position-relative h-element\">\n                            <!---->\n                            <!---->\n                            <div class=\"\">\n                              <p>Nous aidons nos clients \u00e0 analyser les options et choisit les meilleures d\u00e9cisions pour leurs activit\u00e9s, avec le plus haut degr\u00e9 de s\u00e9curit\u00e9 et de confiance.<\/p>\n                              <p>Nous offrons une assistance multidisciplinaire, objective et ind\u00e9pendante dans les mati\u00e8res complexes de l&rsquo;\u00e9conomie et de la finance.<\/p>\n                            <\/div>\n                          <\/div>\n                        <\/div>\n                      <\/div>\n                    <\/div>\n                  <\/div>\n                <\/div>\n              <\/div>\n            <\/div>\n          <\/div>\n        <\/div>\n      <\/div>\n    <\/div>\n  <\/div>\n<\/div>","protected":false},"excerpt":{"rendered":"<p>Notre vision du travail Nos missions sont accomplies par des collaborateurs qualifi\u00e9s, exp\u00e9riment\u00e9s et qui partagent les valeurs du cabinet. professionnalisme Outre l&rsquo;organisation d&rsquo;une formation continue de ses collaborateurs, notre cabinet a mis en place un syst\u00e8me de contr\u00f4le qualit\u00e9 interne bas\u00e9 sur la norme ISQC 1. Il est destin\u00e9 \u00e0 fournir l&rsquo;assurance que ses [&hellip;]<\/p>\n","protected":false},"author":1,"featured_media":0,"parent":0,"menu_order":0,"comment_status":"closed","ping_status":"closed","template":"page-templates\/full-width-page.php","meta":{"footnotes":""},"class_list":["post-193","page","type-page","status-publish","hentry"],"_links":{"self":[{"href":"https:\/\/reviseursmarbaix.be\/index.php\/wp-json\/wp\/v2\/pages\/193","targetHints":{"allow":["GET"]}}],"collection":[{"href":"https:\/\/reviseursmarbaix.be\/index.php\/wp-json\/wp\/v2\/pages"}],"about":[{"href":"https:\/\/reviseursmarbaix.be\/index.php\/wp-json\/wp\/v2\/types\/page"}],"author":[{"embeddable":true,"href":"https:\/\/reviseursmarbaix.be\/index.php\/wp-json\/wp\/v2\/users\/1"}],"replies":[{"embeddable":true,"href":"https:\/\/reviseursmarbaix.be\/index.php\/wp-json\/wp\/v2\/comments?post=193"}],"version-history":[{"count":10,"href":"https:\/\/reviseursmarbaix.be\/index.php\/wp-json\/wp\/v2\/pages\/193\/revisions"}],"predecessor-version":[{"id":653,"href":"https:\/\/reviseursmarbaix.be\/index.php\/wp-json\/wp\/v2\/pages\/193\/revisions\/653"}],"wp:attachment":[{"href":"https:\/\/reviseursmarbaix.be\/index.php\/wp-json\/wp\/v2\/media?parent=193"}],"curies":[{"name":"wp","href":"https:\/\/api.w.org\/{rel}","templated":true}]}}