{"id":220,"date":"2021-01-26T17:25:24","date_gmt":"2021-01-26T16:25:24","guid":{"rendered":"http:\/\/reviseursmarbaix.be\/?page_id=220"},"modified":"2021-04-13T13:22:28","modified_gmt":"2021-04-13T11:22:28","slug":"missions-legales-permanentes","status":"publish","type":"page","link":"https:\/\/reviseursmarbaix.be\/index.php\/missions-legales-permanentes\/","title":{"rendered":"Missions l\u00e9gales permanentes"},"content":{"rendered":"<div data-colibri-id=\"220-c1\" class=\"style-749 style-local-220-c1 position-relative\">\n  <!---->\n  <div data-colibri-component=\"section\" data-colibri-id=\"220-c6\" id=\"features\" class=\"h-section h-section-global-spacing d-flex align-items-lg-center align-items-md-center align-items-center style-754 style-local-220-c6 position-relative\">\n    <!---->\n    <!---->\n    <div class=\"h-section-grid-container h-section-boxed-container\">\n      <div data-colibri-id=\"220-c22\" class=\"h-row-container gutters-row-lg-2 gutters-row-md-2 gutters-row-2 gutters-row-v-lg-2 gutters-row-v-md-2 gutters-row-v-2 style-770 style-local-220-c22 position-relative\">\n        <!---->\n        <div class=\"h-row justify-content-lg-center justify-content-md-center justify-content-center align-items-lg-stretch align-items-md-stretch align-items-stretch gutters-col-lg-2 gutters-col-md-2 gutters-col-2 gutters-col-v-lg-2 gutters-col-v-md-2 gutters-col-v-2\">\n          <!---->\n          <div class=\"h-column h-column-container d-flex h-col-lg-auto h-col-md-auto h-col-auto style-771-outer style-local-220-c23-outer\">\n            <div data-colibri-id=\"220-c23\" class=\"d-flex h-flex-basis h-column__inner h-px-lg-2 h-px-md-2 h-px-2 v-inner-lg-2 v-inner-md-2 v-inner-2 style-771 style-local-220-c23 position-relative\">\n              <!---->\n              <!---->\n              <div class=\"w-100 h-y-container h-column__content h-column__v-align flex-basis-100 align-self-lg-start align-self-md-start align-self-start\">\n                <!---->\n                <div data-colibri-id=\"220-c24\" class=\"h-global-transition-all h-heading style-772 style-local-220-c24 position-relative h-element\">\n                  <!---->\n                  <div class=\"h-heading__outer style-772 style-local-220-c24\">\n                    <!---->\n                    <!---->\n                    <h2 class=\"\">Notre r\u00f4le dans les missions l\u00e9gales permanentes<\/h2>\n                  <\/div>\n                <\/div>\n                <div data-colibri-id=\"220-c25\" class=\"h-lead h-text h-text-component style-773 style-local-220-c25 position-relative h-element\">\n                  <!---->\n                  <!---->\n                  <div class=\"\">\n                    <p>Les missions l\u00e9gales permanentes sont des missions d&rsquo;audit r\u00e9alis\u00e9es par le r\u00e9viseur d&rsquo;entreprises en vertu de la loi ou \u00e0 la demande des entreprises<\/p>\n                  <\/div>\n                <\/div>\n              <\/div>\n            <\/div>\n          <\/div>\n        <\/div>\n      <\/div>\n      <div data-colibri-id=\"220-c7\" class=\"h-row-container gutters-row-lg-2 gutters-row-md-2 gutters-row-0 gutters-row-v-lg-2 gutters-row-v-md-2 gutters-row-v-2 style-755 style-local-220-c7 position-relative\">\n        <!---->\n        <div class=\"h-row justify-content-lg-center justify-content-md-center justify-content-center align-items-lg-stretch align-items-md-stretch align-items-stretch gutters-col-lg-2 gutters-col-md-2 gutters-col-0 gutters-col-v-lg-2 gutters-col-v-md-2 gutters-col-v-2\">\n          <!---->\n          <div class=\"h-column h-column-container d-flex h-col-lg-auto h-col-md-auto h-col-auto style-756-outer style-local-220-c8-outer\">\n            <div data-colibri-id=\"220-c8\" class=\"d-flex h-flex-basis h-column__inner h-px-lg-2 h-px-md-2 h-px-2 v-inner-lg-2 v-inner-md-2 v-inner-2 style-756 style-local-220-c8 position-relative\">\n              <!---->\n              <!---->\n              <div class=\"w-100 h-y-container h-column__content h-column__v-align flex-basis-100 align-self-lg-start align-self-md-start align-self-start\">\n                <!---->\n                <div data-colibri-component=\"tabs\" data-colibri-id=\"220-c9\" class=\"h-tabs h-tabs-horizontal h-tabs--horizontal--auto-lg h-tabs--horizontal--auto-md h-tabs--horizontal--full h-tabs h-tabs-horizontal h-tabs--horizontal--auto-lg h-tabs--horizontal--auto-md h-tabs--horizontal--full style-757 style-local-220-c9 position-relative h-element\">\n                  <!---->\n                  <div class=\"h-tabs-navigation d-flex h-tabs-navigation-horizontal\">\n                    <a href=\"#audit-des-comptes-annuels\" class=\"h-tabs-navigation-item d-flex align-items-center h-global-transition h-tabs-navigation-active-item h-custom-active-state\" rel=\"#audit-des-comptes-annuels\"><span class=\"h-svg-icon\"><!--Icon by Font Awesome (https:\/\/fontawesome.com)--><svg version=\"1.1\" xmlns=\"http:\/\/www.w3.org\/2000\/svg\" xmlns:xlink=\"http:\/\/www.w3.org\/1999\/xlink\" id=\"signal\" viewBox=\"0 0 1792 1896.0833\"><path d=\"M256 1440v192q0 14-9 23t-23 9H32q-14 0-23-9t-9-23v-192q0-14 9-23t23-9h192q14 0 23 9t9 23zm384-128v320q0 14-9 23t-23 9H416q-14 0-23-9t-9-23v-320q0-14 9-23t23-9h192q14 0 23 9t9 23zm384-256v576q0 14-9 23t-23 9H800q-14 0-23-9t-9-23v-576q0-14 9-23t23-9h192q14 0 23 9t9 23zm384-384v960q0 14-9 23t-23 9h-192q-14 0-23-9t-9-23V672q0-14 9-23t23-9h192q14 0 23 9t9 23zm384-512v1472q0 14-9 23t-23 9h-192q-14 0-23-9t-9-23V160q0-14 9-23t23-9h192q14 0 23 9t9 23z\"><\/path><\/svg><\/span>                      <span class=\"h-tabs-navigation-item__text\">Audit des comptes annuels<\/span><\/a>\n                    <a href=\"#certification-aupres-du-conseil-d-entreprise\" class=\"h-tabs-navigation-item d-flex align-items-center h-global-transition\" rel=\"#certification-aupres-du-conseil-d-entreprise\"><span class=\"h-svg-icon\"><!--Icon by Font Awesome (https:\/\/fontawesome.com)--><svg version=\"1.1\" xmlns=\"http:\/\/www.w3.org\/2000\/svg\" xmlns:xlink=\"http:\/\/www.w3.org\/1999\/xlink\" id=\"check\" viewBox=\"0 0 1792 1896.0833\"><path d=\"M1671 566q0 40-28 68l-724 724-136 136q-28 28-68 28t-68-28l-136-136-362-362q-28-28-28-68t28-68l136-136q28-28 68-28t68 28l294 295 656-657q28-28 68-28t68 28l136 136q28 28 28 68z\"><\/path><\/svg><\/span>                      <span class=\"h-tabs-navigation-item__text\">Certification aupr\u00e8s du conseil d&rsquo;entreprise<\/span><\/a>\n                  <\/div>\n                  <div id=\"audit-des-comptes-annuels\" skip-smooth-scroll=\"true\" skip-scroll-spy=\"true\" data-colibri-id=\"220-c10\" class=\"h-tabs-item-content h-tabs-item h-tabs-content-horizontal h-tabs-content-220-c10 style-758 style-local-220-c10 position-relative h-element h-tabs-content-active\">\n                    <!---->\n                    <div class=\"w-100 h-y-container\">\n                      <!---->\n                      <div data-colibri-id=\"220-c11\" class=\"h-global-transition-all h-heading style-759 style-local-220-c11 position-relative h-element\">\n                        <!---->\n                        <div class=\"h-heading__outer style-759 style-local-220-c11\">\n                          <!---->\n                          <!---->\n                          <h4 class=\"\">Attestation<\/h4>\n                        <\/div>\n                      <\/div>\n                      <div data-colibri-id=\"220-c12\" class=\"h-text h-text-component style-760 style-local-220-c12 position-relative h-element\">\n                        <!---->\n                        <!---->\n                        <div class=\"\">\n                          <p>La mission du r\u00e9viseur d&rsquo;entreprise vise \u00e0 donner une opinion sur l&rsquo;image fid\u00e8le des comptes annuels ou des comptes consolid\u00e9s. Cette opinion est fond\u00e9e sur un ensemble de travaux de contr\u00f4le, \u00e9galement appel\u00e9 \u00ab\u00a0audit\u00a0\u00bb.<\/p>\n                        <\/div>\n                      <\/div>\n                      <div data-colibri-id=\"220-c13\" class=\"h-text h-text-component style-761 style-local-220-c13 position-relative h-element\">\n                        <!---->\n                        <!---->\n                        <div class=\"\">\n                          <p>Le plus souvent, cet audit repose sur le cadre l\u00e9gal qui impose aux grandes entreprises et structures non marchandes de nommer un r\u00e9viseur d&rsquo;entreprises en tant que commissaire pour faire rapport \u00e0 l&rsquo;assembl\u00e9e g\u00e9n\u00e9rale charg\u00e9e\n                            d&rsquo;approuver les comptes annuels ou consolid\u00e9s. N\u00e9anmoins, certaines organisations, par souci de transparence et afin d&rsquo;instaurer un climat de confiance, d\u00e9cident de faire contr\u00f4ler leurs comptes alors qu&rsquo;elles n&rsquo;y sont pas\n                            l\u00e9galement soumises.<\/p>\n                        <\/div>\n                      <\/div>\n                    <\/div>\n                  <\/div>\n                  <div id=\"certification-aupres-du-conseil-d-entreprise\" skip-smooth-scroll=\"true\" skip-scroll-spy=\"true\" data-colibri-id=\"220-c14\" class=\"h-tabs-item-content h-tabs-item h-tabs-content-horizontal h-tabs-content-220-c14 style-762 style-local-220-c14 position-relative h-element hide\">\n                    <!---->\n                    <div class=\"w-100 h-y-container\">\n                      <!---->\n                      <div data-colibri-id=\"220-c15\" class=\"h-global-transition-all h-heading style-763 style-local-220-c15 position-relative h-element\">\n                        <!---->\n                        <div class=\"h-heading__outer style-763 style-local-220-c15\">\n                          <!---->\n                          <!---->\n                          <h4 class=\"\">Certification<\/h4>\n                        <\/div>\n                      <\/div>\n                      <div data-colibri-id=\"220-c16\" class=\"h-text h-text-component style-764 style-local-220-c16 position-relative h-element\">\n                        <!---->\n                        <!---->\n                        <div class=\"\">\n                          <p>Pour les entreprises dans lesquelles un conseil d&rsquo;entreprise est instaur\u00e9, la mission du r\u00e9viseur d&rsquo;entreprises vise \u00e0<span style=\"color: rgb(64, 85, 169); font-family: &quot;Open Sans&quot;; font-size: 16px; font-weight: 400;\"> certifier le caract\u00e8re fid\u00e8le et complet des informations \u00e9conomiques et financi\u00e8res qui sont transmises pas l&rsquo;organe d&rsquo;administration au conseil d&rsquo;entreprise. Il permet ainsi \u00e0 la fois d&rsquo;accro\u00eetre la cr\u00e9dibilit\u00e9 de celles-ci et d&rsquo;en expliquer l&rsquo;impact au regard de la structure et de l&rsquo;\u00e9volution financi\u00e8re de l&rsquo;entreprise. De par son ind\u00e9pendance, le r\u00e9viseur d&rsquo;entreprises permet ainsi d&rsquo;instaurer une relation de confiance entre la direction et les repr\u00e9sentants des travailleurs.<\/span><\/p>\n                        <\/div>\n                      <\/div>\n                      <div data-colibri-id=\"220-c17\" class=\"h-text h-text-component style-765 style-local-220-c17 position-relative h-element\">\n                        <!---->\n                        <!---->\n                        <div class=\"\">\n                          <p>Lorsqu&rsquo;un commissaire a \u00e9t\u00e9 d\u00e9sign\u00e9, la mission \u00e0 l&rsquo;\u00e9gard du conseil d&rsquo;entreprise lui revient de droit.<\/p>\n                        <\/div>\n                      <\/div>\n                    <\/div>\n                  <\/div>\n                <\/div>\n              <\/div>\n            <\/div>\n          <\/div>\n        <\/div>\n      <\/div>\n    <\/div>\n  <\/div>\n<\/div>","protected":false},"excerpt":{"rendered":"<p>Notre r\u00f4le dans les missions l\u00e9gales permanentes Les missions l\u00e9gales permanentes sont des missions d&rsquo;audit r\u00e9alis\u00e9es par le r\u00e9viseur d&rsquo;entreprises en vertu de la loi ou \u00e0 la demande des entreprises Audit des comptes annuels Certification aupr\u00e8s du conseil d&rsquo;entreprise Attestation La mission du r\u00e9viseur d&rsquo;entreprise vise \u00e0 donner une opinion sur l&rsquo;image fid\u00e8le des [&hellip;]<\/p>\n","protected":false},"author":1,"featured_media":0,"parent":0,"menu_order":0,"comment_status":"closed","ping_status":"closed","template":"page-templates\/full-width-page.php","meta":{"footnotes":""},"class_list":["post-220","page","type-page","status-publish","hentry"],"_links":{"self":[{"href":"https:\/\/reviseursmarbaix.be\/index.php\/wp-json\/wp\/v2\/pages\/220","targetHints":{"allow":["GET"]}}],"collection":[{"href":"https:\/\/reviseursmarbaix.be\/index.php\/wp-json\/wp\/v2\/pages"}],"about":[{"href":"https:\/\/reviseursmarbaix.be\/index.php\/wp-json\/wp\/v2\/types\/page"}],"author":[{"embeddable":true,"href":"https:\/\/reviseursmarbaix.be\/index.php\/wp-json\/wp\/v2\/users\/1"}],"replies":[{"embeddable":true,"href":"https:\/\/reviseursmarbaix.be\/index.php\/wp-json\/wp\/v2\/comments?post=220"}],"version-history":[{"count":4,"href":"https:\/\/reviseursmarbaix.be\/index.php\/wp-json\/wp\/v2\/pages\/220\/revisions"}],"predecessor-version":[{"id":783,"href":"https:\/\/reviseursmarbaix.be\/index.php\/wp-json\/wp\/v2\/pages\/220\/revisions\/783"}],"wp:attachment":[{"href":"https:\/\/reviseursmarbaix.be\/index.php\/wp-json\/wp\/v2\/media?parent=220"}],"curies":[{"name":"wp","href":"https:\/\/api.w.org\/{rel}","templated":true}]}}