{"id":422,"date":"2021-02-19T13:48:00","date_gmt":"2021-02-19T12:48:00","guid":{"rendered":"http:\/\/reviseursmarbaix.be\/?page_id=422"},"modified":"2021-02-24T12:05:36","modified_gmt":"2021-02-24T11:05:36","slug":"notre-experience","status":"publish","type":"page","link":"https:\/\/reviseursmarbaix.be\/index.php\/notre-experience\/","title":{"rendered":"Notre exp\u00e9rience"},"content":{"rendered":"<div data-colibri-id=\"422-c1\" class=\"style-522 style-local-422-c1 position-relative\">\n  <!---->\n  <div data-colibri-component=\"section\" data-colibri-id=\"422-c20\" id=\"features\" class=\"h-section h-section-global-spacing d-flex align-items-lg-center align-items-md-center align-items-center style-535 style-local-422-c20 position-relative\">\n    <!---->\n    <!---->\n    <div class=\"h-section-grid-container h-section-boxed-container\">\n      <div data-colibri-id=\"422-c34\" class=\"h-row-container gutters-row-lg-2 gutters-row-md-2 gutters-row-0 gutters-row-v-lg-2 gutters-row-v-md-2 gutters-row-v-2 style-540 style-local-422-c34 position-relative\">\n        <!---->\n        <div class=\"h-row justify-content-lg-center justify-content-md-center justify-content-center align-items-lg-stretch align-items-md-stretch align-items-stretch gutters-col-lg-2 gutters-col-md-2 gutters-col-0 gutters-col-v-lg-2 gutters-col-v-md-2 gutters-col-v-2\">\n          <!---->\n          <div class=\"h-column h-column-container d-flex h-col-lg-auto h-col-md-auto h-col-auto style-541-outer style-local-422-c35-outer\">\n            <div data-colibri-id=\"422-c35\" class=\"d-flex h-flex-basis h-column__inner h-px-lg-2 h-px-md-2 h-px-2 v-inner-lg-2 v-inner-md-2 v-inner-2 style-541 style-local-422-c35 position-relative\">\n              <!---->\n              <!---->\n              <div class=\"w-100 h-y-container h-column__content h-column__v-align flex-basis-100 align-self-lg-start align-self-md-start align-self-start\">\n                <!---->\n                <div data-colibri-id=\"422-c36\" class=\"h-global-transition-all h-heading style-542 style-local-422-c36 position-relative h-element\">\n                  <!---->\n                  <div class=\"h-heading__outer style-542 style-local-422-c36\">\n                    <!---->\n                    <!---->\n                    <h2 class=\"\">Nos clients nous font confiance<\/h2>\n                  <\/div>\n                <\/div>\n                <div data-colibri-id=\"422-c37\" class=\"h-lead h-text h-text-component style-543 style-local-422-c37 position-relative h-element\">\n                  <!---->\n                  <!---->\n                  <div class=\"\">\n                    <p>Fort d&rsquo;une exp\u00e9rience de plus de 30 ans, notre cabinet a su tisser des liens de confiance avec ses clients et a ainsi acquis une exp\u00e9rience diversifi\u00e9e dans des domaines vari\u00e9s tels que:<\/p>\n                  <\/div>\n                <\/div>\n              <\/div>\n            <\/div>\n          <\/div>\n        <\/div>\n      <\/div>\n      <div data-colibri-id=\"422-c21\" class=\"h-row-container gutters-row-lg-2 gutters-row-md-2 gutters-row-2 gutters-row-v-lg-2 gutters-row-v-md-2 gutters-row-v-2 style-536 style-local-422-c21 position-relative\">\n        <!---->\n        <div class=\"h-row justify-content-lg-center justify-content-md-center justify-content-center align-items-lg-stretch align-items-md-stretch align-items-stretch gutters-col-lg-2 gutters-col-md-2 gutters-col-2 gutters-col-v-lg-2 gutters-col-v-md-2 gutters-col-v-2\">\n          <!---->\n          <div class=\"h-column h-column-container d-flex h-col-lg-3 h-col-md-3 h-col-6 style-537-outer style-local-422-c22-outer\">\n            <div data-colibri-id=\"422-c22\" class=\"d-flex h-flex-basis h-column__inner h-px-lg-0 h-px-md-0 h-px-0 v-inner-lg-0 v-inner-md-0 v-inner-2 style-537 style-local-422-c22 position-relative\">\n              <!---->\n              <!---->\n              <div class=\"w-100 h-y-container h-column__content h-column__v-align flex-basis-100 align-self-lg-start align-self-md-start align-self-start\">\n                <!---->\n                <div data-colibri-id=\"422-c23\" class=\"h-icon style-538 style-local-422-c23 position-relative h-element\">\n                  <!----><span class=\"h-svg-icon h-icon__icon style-538-icon style-local-422-c23-icon\"><!--Icon by Icons8 Line Awesome (https:\/\/icons8.com\/line-awesome)--><svg version=\"1.1\" xmlns=\"http:\/\/www.w3.org\/2000\/svg\" xmlns:xlink=\"http:\/\/www.w3.org\/1999\/xlink\" id=\"truck\" viewBox=\"0 0 512 545.5\"><path d=\"M0 96h288v64h86.5l5 4.5 96 96 4.5 5V432h-50.5c-7.153 27.518-31.85 48-61.5 48s-54.347-20.482-61.5-48h-133c-7.153 27.518-31.85 48-61.5 48s-54.347-20.482-61.5-48H0V96zm32 32v272h18.5c7.153-27.518 31.85-48 61.5-48s54.347 20.482 61.5 48H256V128H32zm256 64v208h18.5c7.153-27.518 31.85-48 61.5-48s54.347 20.482 61.5 48H448V279l-87-87h-73zM112 384c-17.862 0-32 14.138-32 32s14.138 32 32 32 32-14.138 32-32-14.138-32-32-32zm256 0c-17.862 0-32 14.138-32 32s14.138 32 32 32 32-14.138 32-32-14.138-32-32-32z\"><\/path><\/svg><\/span><\/div>\n                <div\n                  data-colibri-id=\"422-c24\" class=\"h-global-transition-all h-heading style-539 style-local-422-c24 position-relative h-element\">\n                  <!---->\n                  <div class=\"h-heading__outer style-539 style-local-422-c24\">\n                    <!---->\n                    <!---->\n                    <h4 class=\"\">Transport et logistique<\/h4>\n                  <\/div>\n              <\/div>\n            <\/div>\n          <\/div>\n        <\/div>\n        <div class=\"h-column h-column-container d-flex h-col-lg-3 h-col-md-3 h-col-6 style-537-outer style-local-422-c25-outer\">\n          <div data-colibri-id=\"422-c25\" class=\"d-flex h-flex-basis h-column__inner h-px-lg-0 h-px-md-0 h-px-0 v-inner-lg-0 v-inner-md-0 v-inner-2 style-537 style-local-422-c25 position-relative\">\n            <!---->\n            <!---->\n            <div class=\"w-100 h-y-container h-column__content h-column__v-align flex-basis-100 align-self-lg-start align-self-md-start align-self-start\">\n              <!---->\n              <div data-colibri-id=\"422-c26\" class=\"h-icon style-538 style-local-422-c26 position-relative h-element\">\n                <!----><span class=\"h-svg-icon h-icon__icon style-538-icon style-local-422-c26-icon\"><!--Icon by Icons8 Line Awesome (https:\/\/icons8.com\/line-awesome)--><svg version=\"1.1\" xmlns=\"http:\/\/www.w3.org\/2000\/svg\" xmlns:xlink=\"http:\/\/www.w3.org\/1999\/xlink\" id=\"home\" viewBox=\"0 0 512 545.5\"><path d=\"M256 73.5l11.5 11 208 208-23 23L432 295v185H288V320h-64v160H80V295l-20.5 20.5-23-23 208-208zm0 45.5L112 263v185h80V288h128v160h80V263z\"><\/path><\/svg><\/span><\/div>\n              <div\n                data-colibri-id=\"422-c27\" class=\"h-global-transition-all h-heading style-539 style-local-422-c27 position-relative h-element\">\n                <!---->\n                <div class=\"h-heading__outer style-539 style-local-422-c27\">\n                  <!---->\n                  <!---->\n                  <h4 class=\"\">Immobilier<\/h4>\n                <\/div>\n            <\/div>\n          <\/div>\n        <\/div>\n      <\/div>\n      <div class=\"h-column h-column-container d-flex h-col-lg-3 h-col-md-3 h-col-6 style-537-outer style-local-422-c28-outer\">\n        <div data-colibri-id=\"422-c28\" class=\"d-flex h-flex-basis h-column__inner h-px-lg-0 h-px-md-0 h-px-0 v-inner-lg-0 v-inner-md-0 v-inner-2 style-537 style-local-422-c28 position-relative\">\n          <!---->\n          <!---->\n          <div class=\"w-100 h-y-container h-column__content h-column__v-align flex-basis-100 align-self-lg-start align-self-md-start align-self-start\">\n            <!---->\n            <div data-colibri-id=\"422-c29\" class=\"h-icon style-538 style-local-422-c29 position-relative h-element\">\n              <!----><span class=\"h-svg-icon h-icon__icon style-538-icon style-local-422-c29-icon\"><!--Icon by Icons8 Line Awesome (https:\/\/icons8.com\/line-awesome)--><svg version=\"1.1\" xmlns=\"http:\/\/www.w3.org\/2000\/svg\" xmlns:xlink=\"http:\/\/www.w3.org\/1999\/xlink\" id=\"shopping-cart\" viewBox=\"0 0 512 545.5\"><path d=\"M76 144h35.5c14.688 0 27.448 9.76 31 24l42 168H368l30.5-112H180l-8-32h268l-41.5 152.5c-3.808 13.92-16.068 23.5-30.5 23.5H184.5c-14.672 0-27.432-9.76-31-24l-42-168H76c-8.832 0-16-7.168-16-16s7.168-16 16-16zm272 224c26.32 0 48 21.68 48 48s-21.68 48-48 48-48-21.68-48-48 21.68-48 48-48zm-144 0c26.32 0 48 21.68 48 48s-21.68 48-48 48-48-21.68-48-48 21.68-48 48-48zm0 32c-9.026 0-16 6.974-16 16s6.974 16 16 16 16-6.974 16-16-6.974-16-16-16zm144 0c-9.026 0-16 6.974-16 16s6.974 16 16 16 16-6.974 16-16-6.974-16-16-16z\"><\/path><\/svg><\/span><\/div>\n            <div\n              data-colibri-id=\"422-c30\" class=\"h-global-transition-all h-heading style-539 style-local-422-c30 position-relative h-element\">\n              <!---->\n              <div class=\"h-heading__outer style-539 style-local-422-c30\">\n                <!---->\n                <!---->\n                <h4 class=\"\">Distribution<\/h4>\n              <\/div>\n          <\/div>\n        <\/div>\n      <\/div>\n    <\/div>\n    <div class=\"h-column h-column-container d-flex h-col-lg-3 h-col-md-3 h-col-6 style-537-outer style-local-422-c31-outer\">\n      <div data-colibri-id=\"422-c31\" class=\"d-flex h-flex-basis h-column__inner h-px-lg-0 h-px-md-0 h-px-0 v-inner-lg-0 v-inner-md-0 v-inner-2 style-537 style-local-422-c31 position-relative\">\n        <!---->\n        <!---->\n        <div class=\"w-100 h-y-container h-column__content h-column__v-align flex-basis-100 align-self-lg-start align-self-md-start align-self-start\">\n          <!---->\n          <div data-colibri-id=\"422-c32\" class=\"h-icon style-538 style-local-422-c32 position-relative h-element\">\n            <!----><span class=\"h-svg-icon h-icon__icon style-538-icon style-local-422-c32-icon\"><!--Icon by Icons8 Line Awesome (https:\/\/icons8.com\/line-awesome)--><svg version=\"1.1\" xmlns=\"http:\/\/www.w3.org\/2000\/svg\" xmlns:xlink=\"http:\/\/www.w3.org\/1999\/xlink\" id=\"car\" viewBox=\"0 0 512 545.5\"><path d=\"M152 128h208c21.122 0 39.924 13.76 46 34l22 73.5 31-10.5 10 30-31.5 10.5 10 34c.28 1.086.508 2.878.508 4 0 .138-.004.362-.008.5v112c.027.345.05.904.05 1.25s-.023.905-.05 1.25V432c0 8.832-7.168 16-16 16h-48l-5.5-16h-245l-5.5 16H80c-8.832 0-16-7.168-16-16v-14.5c-.01-.207-.018-.543-.018-.75s.008-.543.018-.75V304c-.004-.138-.008-.362-.008-.5 0-1.122.228-2.914.508-4l10-34L43 255l10-30 31 10.5 22-73.5c6.073-20.252 24.878-34 46-34zm0 32c-7.134 0-13.445 4.647-15.5 11.5L116 240h280l-20.5-68.5c-2.052-6.832-8.366-11.5-15.5-11.5H152zm-45.5 112L96 307v93h320v-93l-10.5-35h-299zm29.5 16c13.255 0 24 10.745 24 24s-10.745 24-24 24-24-10.745-24-24 10.745-24 24-24zm240 0c13.255 0 24 10.745 24 24s-10.745 24-24 24-24-10.745-24-24 10.745-24 24-24zm-184 48h128l20 48h-34.5l-7-16h-85l-7 16H172z\"><\/path><\/svg><\/span><\/div>\n          <div\n            data-colibri-id=\"422-c33\" class=\"h-global-transition-all h-heading style-539 style-local-422-c33 position-relative h-element\">\n            <!---->\n            <div class=\"h-heading__outer style-539 style-local-422-c33\">\n              <!---->\n              <!---->\n              <h4 class=\"\">Automobile<\/h4>\n            <\/div>\n        <\/div>\n      <\/div>\n    <\/div>\n  <\/div>\n  <div class=\"h-column h-column-container d-flex h-col-lg-3 h-col-md-3 h-col-6 style-544-outer style-local-422-c38-outer\">\n    <div data-colibri-id=\"422-c38\" class=\"d-flex h-flex-basis h-column__inner h-ui-empty-state-container h-px-lg-2 h-px-md-2 h-px-2 v-inner-lg-2 v-inner-md-2 v-inner-2 style-544 style-local-422-c38 position-relative\">\n      <!---->\n      <!---->\n      <div class=\"w-100 h-y-container h-column__content h-column__v-align flex-basis-100\">\n        <!---->\n      <\/div>\n    <\/div>\n  <\/div>\n<\/div>\n<\/div>\n<div data-colibri-id=\"422-c39\" class=\"h-row-container gutters-row-lg-2 gutters-row-md-2 gutters-row-0 gutters-row-v-lg-2 gutters-row-v-md-2 gutters-row-v-2 style-547 style-local-422-c39 position-relative\">\n  <!---->\n  <div class=\"h-row justify-content-lg-center justify-content-md-center justify-content-center align-items-lg-stretch align-items-md-stretch align-items-stretch gutters-col-lg-2 gutters-col-md-2 gutters-col-0 gutters-col-v-lg-2 gutters-col-v-md-2 gutters-col-v-2\">\n    <!---->\n    <div class=\"h-column h-column-container d-flex h-col-lg-auto h-col-md-auto h-col-auto style-548-outer style-local-422-c40-outer\">\n      <div data-colibri-id=\"422-c40\" class=\"d-flex h-flex-basis h-column__inner h-px-lg-2 h-px-md-2 h-px-2 v-inner-lg-2 v-inner-md-2 v-inner-2 style-548 style-local-422-c40 position-relative\">\n        <!---->\n        <!---->\n        <div class=\"w-100 h-y-container h-column__content h-column__v-align flex-basis-100 align-self-lg-start align-self-md-start align-self-start\">\n          <!---->\n          <div data-colibri-id=\"422-c41\" class=\"h-icon style-546 style-local-422-c41 position-relative h-element\">\n            <!----><span class=\"h-svg-icon h-icon__icon style-546-icon style-local-422-c41-icon\"><!--Icon by Icons8 Line Awesome (https:\/\/icons8.com\/line-awesome)--><svg version=\"1.1\" xmlns=\"http:\/\/www.w3.org\/2000\/svg\" xmlns:xlink=\"http:\/\/www.w3.org\/1999\/xlink\" id=\"cutlery\" viewBox=\"0 0 512 545.5\"><path d=\"M358.5 96l22.5 22.5-73.5 73.5c-6.96 6.96-7.103 14.988-.5 22l85-84.5 22.5 22.5-84.5 85c7.012 6.603 15.04 6.46 22-.5l73.5-73.5 22.5 22.5-72 72-1.5 2c-18.176 18.176-47.968 18.122-66.5.5l-.5-.5h-.5L279 288l18.5 19 146 145.5-23 23L286 341l-28.5 28.5-11 11.5-11.5-11.5-19-18.5L91.5 475.5l-23-23L193 328 92.5 227.5c-28.326-28.326-28.326-74.674 0-103l11.5-11 11.5 11 120 120L256 265l28.5-28c-18.457-18.457-18.457-49.043 0-67.5zm-250 67.5c-5.2 14.16-4.852 29.148 7 41l131 131 17-17z\"><\/path><\/svg><\/span><\/div>\n          <div\n            data-colibri-id=\"422-c43\" class=\"h-global-transition-all h-heading style-550 style-local-422-c43 position-relative h-element\">\n            <!---->\n            <div class=\"h-heading__outer style-550 style-local-422-c43\">\n              <!---->\n              <!---->\n              <h4 class=\"\">Industrie alimentaire<\/h4>\n            <\/div>\n        <\/div>\n      <\/div>\n    <\/div>\n  <\/div>\n  <div class=\"h-column h-column-container d-flex h-col-lg-auto h-col-md-auto h-col-auto style-558-outer style-local-422-c51-outer\">\n    <div data-colibri-id=\"422-c51\" class=\"d-flex h-flex-basis h-column__inner h-px-lg-2 h-px-md-2 h-px-2 v-inner-lg-2 v-inner-md-2 v-inner-2 style-558 style-local-422-c51 position-relative\">\n      <!---->\n      <!---->\n      <div class=\"w-100 h-y-container h-column__content h-column__v-align flex-basis-100 align-self-lg-start align-self-md-start align-self-start\">\n        <!---->\n        <div data-colibri-id=\"422-c54\" class=\"h-icon style-560 style-local-422-c54 position-relative h-element\">\n          <!----><span class=\"h-svg-icon h-icon__icon style-560-icon style-local-422-c54-icon\"><!--Icon by Icons8 Line Awesome (https:\/\/icons8.com\/line-awesome)--><svg version=\"1.1\" xmlns=\"http:\/\/www.w3.org\/2000\/svg\" xmlns:xlink=\"http:\/\/www.w3.org\/1999\/xlink\" id=\"building\" viewBox=\"0 0 512 545.5\"><path d=\"M64 80h384v416H272v-64h-32v64H64V80zm32 32v352h112v-64h96v64h112V112H96zm32 32h64v32h-64v-32zm96 0h64v32h-64v-32zm96 0h64v32h-64v-32zm-192 64h64v32h-64v-32zm96 0h64v32h-64v-32zm96 0h64v32h-64v-32zm-192 64h64v32h-64v-32zm96 0h64v32h-64v-32zm96 0h64v32h-64v-32zm-192 64h64v32h-64v-32zm96 0h64v32h-64v-32zm96 0h64v32h-64v-32zm-192 64h64v32h-64v-32zm192 0h64v32h-64v-32z\"><\/path><\/svg><\/span><\/div>\n        <div\n          data-colibri-id=\"422-c56\" class=\"h-global-transition-all h-heading style-564 style-local-422-c56 position-relative h-element\">\n          <!---->\n          <div class=\"h-heading__outer style-564 style-local-422-c56\">\n            <!---->\n            <!---->\n            <h4 class=\"\">Secteur non-marchand<\/h4>\n          <\/div>\n      <\/div>\n    <\/div>\n  <\/div>\n<\/div>\n<div class=\"h-column h-column-container d-flex h-col-lg-auto h-col-md-auto h-col-auto style-563-outer style-local-422-c55-outer\">\n  <div data-colibri-id=\"422-c55\" class=\"d-flex h-flex-basis h-column__inner h-px-lg-2 h-px-md-2 h-px-2 v-inner-lg-2 v-inner-md-2 v-inner-2 style-563 style-local-422-c55 position-relative\">\n    <!---->\n    <!---->\n    <div class=\"w-100 h-y-container h-column__content h-column__v-align flex-basis-100 align-self-lg-start align-self-md-start align-self-start\">\n      <!---->\n      <div data-colibri-id=\"422-c57\" class=\"h-icon style-566 style-local-422-c57 position-relative h-element\">\n        <!----><span class=\"h-svg-icon h-icon__icon style-566-icon style-local-422-c57-icon\"><!--Icon by Icons8 Line Awesome (https:\/\/icons8.com\/line-awesome)--><svg version=\"1.1\" xmlns=\"http:\/\/www.w3.org\/2000\/svg\" xmlns:xlink=\"http:\/\/www.w3.org\/1999\/xlink\" id=\"ellipsis-h\" viewBox=\"0 0 512 545.5\"><path d=\"M96 256c17.673 0 32 14.327 32 32s-14.327 32-32 32-32-14.327-32-32 14.327-32 32-32zm160 0c17.673 0 32 14.327 32 32s-14.327 32-32 32-32-14.327-32-32 14.327-32 32-32zm160 0c17.673 0 32 14.327 32 32s-14.327 32-32 32-32-14.327-32-32 14.327-32 32-32z\"><\/path><\/svg><\/span><\/div>\n      <div\n        data-colibri-id=\"422-c58\" class=\"h-global-transition-all h-heading style-567 style-local-422-c58 position-relative h-element\">\n        <!---->\n        <div class=\"h-heading__outer style-567 style-local-422-c58\">\n          <!---->\n          <!---->\n          <h4 class=\"\"><\/h4>\n        <\/div>\n    <\/div>\n  <\/div>\n<\/div>\n<\/div>\n<\/div>\n<\/div>\n<\/div>\n<\/div>\n<\/div>","protected":false},"excerpt":{"rendered":"<p>Nos clients nous font confiance Fort d&rsquo;une exp\u00e9rience de plus de 30 ans, notre cabinet a su tisser des liens de confiance avec ses clients et a ainsi acquis une exp\u00e9rience diversifi\u00e9e dans des domaines vari\u00e9s tels que: Transport et logistique Immobilier Distribution Automobile Industrie alimentaire Secteur non-marchand<\/p>\n","protected":false},"author":1,"featured_media":0,"parent":0,"menu_order":0,"comment_status":"closed","ping_status":"closed","template":"page-templates\/full-width-page.php","meta":{"footnotes":""},"class_list":["post-422","page","type-page","status-publish","hentry"],"_links":{"self":[{"href":"https:\/\/reviseursmarbaix.be\/index.php\/wp-json\/wp\/v2\/pages\/422","targetHints":{"allow":["GET"]}}],"collection":[{"href":"https:\/\/reviseursmarbaix.be\/index.php\/wp-json\/wp\/v2\/pages"}],"about":[{"href":"https:\/\/reviseursmarbaix.be\/index.php\/wp-json\/wp\/v2\/types\/page"}],"author":[{"embeddable":true,"href":"https:\/\/reviseursmarbaix.be\/index.php\/wp-json\/wp\/v2\/users\/1"}],"replies":[{"embeddable":true,"href":"https:\/\/reviseursmarbaix.be\/index.php\/wp-json\/wp\/v2\/comments?post=422"}],"version-history":[{"count":4,"href":"https:\/\/reviseursmarbaix.be\/index.php\/wp-json\/wp\/v2\/pages\/422\/revisions"}],"predecessor-version":[{"id":677,"href":"https:\/\/reviseursmarbaix.be\/index.php\/wp-json\/wp\/v2\/pages\/422\/revisions\/677"}],"wp:attachment":[{"href":"https:\/\/reviseursmarbaix.be\/index.php\/wp-json\/wp\/v2\/media?parent=422"}],"curies":[{"name":"wp","href":"https:\/\/api.w.org\/{rel}","templated":true}]}}