{"id":428,"date":"2021-02-19T13:48:48","date_gmt":"2021-02-19T12:48:48","guid":{"rendered":"http:\/\/reviseursmarbaix.be\/?page_id=428"},"modified":"2021-03-15T15:45:07","modified_gmt":"2021-03-15T14:45:07","slug":"nous-rejoindre","status":"publish","type":"page","link":"https:\/\/reviseursmarbaix.be\/index.php\/nous-rejoindre\/","title":{"rendered":"Nous rejoindre"},"content":{"rendered":"<div data-colibri-id=\"428-c1\" class=\"style-684 style-local-428-c1 position-relative\">\n  <!---->\n  <div data-colibri-component=\"section\" data-colibri-id=\"428-c51\" id=\"cta\" class=\"h-section h-section-global-spacing d-flex align-items-lg-center align-items-md-center align-items-center style-722 style-local-428-c51 position-relative\">\n    <div class=\"background-wrapper\">\n      <div class=\"background-layer background-layer-media-container-lg\">\n        <div data-enabled=\"true\" data-colibri-component=\"parallax\" class=\"background-layer paraxify\" model-id=\"428-c51\" media=\"desktop\" is-preview=\"true\" style=\"background-image: url(&quot;https:\/\/reviseursmarbaix.be\/wp-content\/uploads\/2021\/02\/cropped-colibri-image-24-1.png&quot;);\"><\/div>\n      <\/div>\n      <div class=\"background-layer background-layer-media-container-md\">\n        <!---->\n      <\/div>\n      <div class=\"background-layer background-layer-media-container\">\n        <!---->\n      <\/div>\n    <\/div>\n    <!---->\n    <div class=\"h-section-grid-container h-section-boxed-container\">\n      <!---->\n      <div data-colibri-id=\"428-c52\" class=\"h-row-container gutters-row-lg-0 gutters-row-md-0 gutters-row-0 gutters-row-v-lg-0 gutters-row-v-md-0 gutters-row-v-0 style-723 style-local-428-c52 position-relative\">\n        <!---->\n        <div class=\"h-row justify-content-lg-center justify-content-md-center justify-content-center align-items-lg-stretch align-items-md-stretch align-items-stretch gutters-col-lg-0 gutters-col-md-0 gutters-col-0 gutters-col-v-lg-0 gutters-col-v-md-0 gutters-col-v-0\">\n          <!---->\n          <div class=\"h-column h-column-container d-flex h-col-lg-auto h-col-md-auto h-col-auto style-724-outer style-local-428-c53-outer\">\n            <div data-colibri-id=\"428-c53\" class=\"d-flex h-flex-basis h-column__inner h-px-lg-0 h-px-md-0 h-px-0 v-inner-lg-0 v-inner-md-0 v-inner-0 style-724 style-local-428-c53 position-relative\">\n              <!---->\n              <!---->\n              <div class=\"w-100 h-y-container h-column__content h-column__v-align flex-basis-100 align-self-lg-start align-self-md-start align-self-start\">\n                <!---->\n                <div data-colibri-id=\"428-c63\" class=\"d-flex align-items-center text-lg-center text-md-center text-center justify-content-lg-center justify-content-md-center justify-content-center style-731 style-local-428-c63 position-relative h-element\">\n                  <!---->\n                  <a rel=\"home\" href=\"https:\/\/reviseursmarbaix.be\/\" h-use-smooth-scroll=\"true\" class=\"d-flex align-items-center\">\n                    <img decoding=\"async\" src=\"https:\/\/reviseursmarbaix.be\/wp-content\/uploads\/2020\/02\/cropped-logo-texte-1.png\" class=\"h-logo__image h-logo__image_h logo-image style-731-image style-local-428-c63-image\" alt=\"\" \/>\n                    <img decoding=\"async\" src=\"https:\/\/reviseursmarbaix.be\/wp-content\/uploads\/2020\/02\/cropped-logo-texte-1.png\" class=\"h-logo__alt-image h-logo__alt-image_h logo-alt-image style-731-image style-local-428-c63-image\">\n                  <\/a>\n                <\/div>\n                <div data-colibri-id=\"428-c54\" class=\"h-global-transition-all h-heading style-725 style-local-428-c54 position-relative h-element\">\n                  <!---->\n                  <div class=\"h-heading__outer style-725 style-local-428-c54\">\n                    <!---->\n                    <!---->\n                    <h2 class=\"\">Carri\u00e8re<\/h2>\n                  <\/div>\n                <\/div>\n                <div data-colibri-id=\"428-c55\" class=\"h-icon style-726 style-local-428-c55 position-relative h-element\">\n                  <!----><span class=\"h-svg-icon h-icon__icon style-726-icon style-local-428-c55-icon\"><!--Icon by Material Icons (https:\/\/material.io)--><svg version=\"1.1\" xmlns=\"http:\/\/www.w3.org\/2000\/svg\" xmlns:xlink=\"http:\/\/www.w3.org\/1999\/xlink\" id=\"work\" viewBox=\"0 0 512 512\"><path d=\"M299 128V85h-86v43h86zm128 0q18 0 30 12.5t12 30.5v234q0 18-12 30.5T427 448H85q-18 0-30-12.5T43 405V171q0-18 12-30.5T85 128h86V85q0-18 12-30t30-12h86q18 0 30 12t12 30v43h86z\"><\/path><\/svg><\/span><\/div>\n                <div\n                  data-colibri-id=\"428-c56\" class=\"h-text h-text-component style-727 style-local-428-c56 position-relative h-element\">\n                  <!---->\n                  <!---->\n                  <div class=\"\">\n                    <p>Notre cabinet est toujours ouvert \u00e0 de nouveaux talents.<\/p>\n                    <p>Si vous pensez avoir les atouts requis pour int\u00e9grer notre \u00e9quipe, n&rsquo;h\u00e9sitez pas \u00e0 poser votre candidature.<\/p>\n                    <p>Faites-nous parvenir:<\/p>\n                  <\/div>\n              <\/div>\n              <div data-colibri-id=\"428-c64\" class=\"icon-list d-flex justify-content-lg-center justify-content-md-center justify-content-center style-734 style-local-428-c64 position-relative h-element\">\n                <!---->\n                <ul class=\"ul-list-icon vertical-on-desktop vertical-on-tablet vertical-on-mobile justify-content-lg-center justify-content-md-center justify-content-center\">\n                  <!---->\n                  <li class=\"list-item no-gutters\">\n                    <!---->\n                    <div class=\"list-container-divider d-flex justify-content-lg-center justify-content-md-center justify-content-center first-el-spacer\"><\/div> <span class=\"item-link no-gutters\"><div class=\"d-flex h-col no-gutters align-items-lg-center align-items-md-center align-items-center list-item-text-wrapper\"><div class=\"d-flex\"><span  class=\"h-svg-icon style-734-icon style-local-428-c64-icon\"><!--Icon by Font Awesome (https:\/\/fontawesome.com)--><svg version=\"1.1\" xmlns=\"http:\/\/www.w3.org\/2000\/svg\" xmlns:xlink=\"http:\/\/www.w3.org\/1999\/xlink\" id=\"check\" viewBox=\"0 0 1792 1896.0833\"><path d=\"M1671 566q0 40-28 68l-724 724-136 136q-28 28-68 28t-68-28l-136-136-362-362q-28-28-28-68t28-68l136-136q28-28 68-28t68 28l294 295 656-657q28-28 68-28t68 28l136 136q28 28 28 68z\"><\/path><\/svg><\/span><\/div>\n              <span class=\"list-text d-block\"><span>votre CV avec photo<\/span><\/span>\n            <\/div>\n            <\/span>\n            <div class=\"list-container-divider d-flex justify-content-lg-center justify-content-md-center justify-content-center\">\n              <!---->\n            <\/div>\n            <\/li>\n            <li class=\"list-item no-gutters\">\n              <!---->\n              <!----><span class=\"item-link no-gutters\"><div class=\"d-flex h-col no-gutters align-items-lg-center align-items-md-center align-items-center list-item-text-wrapper\"><div class=\"d-flex\"><span  class=\"h-svg-icon style-734-icon style-local-428-c64-icon\"><!--Icon by Font Awesome (https:\/\/fontawesome.com)--><svg version=\"1.1\" xmlns=\"http:\/\/www.w3.org\/2000\/svg\" xmlns:xlink=\"http:\/\/www.w3.org\/1999\/xlink\" id=\"check\" viewBox=\"0 0 1792 1896.0833\"><path d=\"M1671 566q0 40-28 68l-724 724-136 136q-28 28-68 28t-68-28l-136-136-362-362q-28-28-28-68t28-68l136-136q28-28 68-28t68 28l294 295 656-657q28-28 68-28t68 28l136 136q28 28 28 68z\"><\/path><\/svg><\/span><\/div>\n          <span class=\"list-text d-block\"><span>votre lettre de motivation<\/span><\/span>\n        <\/div>\n        <\/span>\n        <div class=\"list-container-divider d-flex justify-content-lg-center justify-content-md-center justify-content-center\" style=\"display: none;\">\n          <!---->\n        <\/div>\n        <div class=\"list-container-divider d-flex justify-content-lg-center justify-content-md-center justify-content-center last-el-spacer\"><\/div>\n        <\/li>\n        <\/ul>\n      <\/div>\n    <\/div>\n  <\/div>\n<\/div>\n<div class=\"h-column h-column-container d-flex h-col-lg-auto h-col-md-auto h-col-auto style-728-outer style-local-428-c57-outer\">\n  <div data-colibri-id=\"428-c57\" class=\"d-flex h-flex-basis h-column__inner h-px-lg-0 h-px-md-0 h-px-0 v-inner-lg-0 v-inner-md-0 v-inner-0 style-728 style-local-428-c57 position-relative\">\n    <!---->\n    <!---->\n    <div class=\"w-100 h-y-container h-column__content h-column__v-align flex-basis-100 align-self-lg-start align-self-md-start align-self-start\">\n      <!---->\n      <div data-colibri-id=\"428-c58\" class=\"h-x-container style-729 style-local-428-c58 position-relative h-element\">\n        <!---->\n        <div class=\"h-x-container-inner style-dynamic-428-c58-group style-729-spacing style-local-428-c58-spacing\"><span class=\"h-button__outer style-730-outer style-local-428-c59-outer d-inline-flex h-element\"><a h-use-smooth-scroll=\"true\" href=\"mailto:a.pistone@reviseursmarbaix.be\"  data-colibri-id=\"428-c59\" class=\"d-flex w-100 align-items-center h-button justify-content-lg-center justify-content-md-center justify-content-center style-730 style-local-428-c59 position-relative\"><!----><!----> <span>Candidature spontan\u00e9e<\/span><\/a>\n          <\/span>\n        <\/div>\n      <\/div>\n    <\/div>\n  <\/div>\n<\/div>\n<\/div>\n<\/div>\n<\/div>\n<\/div>\n<\/div>","protected":false},"excerpt":{"rendered":"<p>Carri\u00e8re Notre cabinet est toujours ouvert \u00e0 de nouveaux talents. Si vous pensez avoir les atouts requis pour int\u00e9grer notre \u00e9quipe, n&rsquo;h\u00e9sitez pas \u00e0 poser votre candidature. Faites-nous parvenir: votre CV avec photo votre lettre de motivation Candidature spontan\u00e9e<\/p>\n","protected":false},"author":1,"featured_media":0,"parent":0,"menu_order":0,"comment_status":"closed","ping_status":"closed","template":"page-templates\/full-width-page.php","meta":{"footnotes":""},"class_list":["post-428","page","type-page","status-publish","hentry"],"_links":{"self":[{"href":"https:\/\/reviseursmarbaix.be\/index.php\/wp-json\/wp\/v2\/pages\/428","targetHints":{"allow":["GET"]}}],"collection":[{"href":"https:\/\/reviseursmarbaix.be\/index.php\/wp-json\/wp\/v2\/pages"}],"about":[{"href":"https:\/\/reviseursmarbaix.be\/index.php\/wp-json\/wp\/v2\/types\/page"}],"author":[{"embeddable":true,"href":"https:\/\/reviseursmarbaix.be\/index.php\/wp-json\/wp\/v2\/users\/1"}],"replies":[{"embeddable":true,"href":"https:\/\/reviseursmarbaix.be\/index.php\/wp-json\/wp\/v2\/comments?post=428"}],"version-history":[{"count":4,"href":"https:\/\/reviseursmarbaix.be\/index.php\/wp-json\/wp\/v2\/pages\/428\/revisions"}],"predecessor-version":[{"id":760,"href":"https:\/\/reviseursmarbaix.be\/index.php\/wp-json\/wp\/v2\/pages\/428\/revisions\/760"}],"wp:attachment":[{"href":"https:\/\/reviseursmarbaix.be\/index.php\/wp-json\/wp\/v2\/media?parent=428"}],"curies":[{"name":"wp","href":"https:\/\/api.w.org\/{rel}","templated":true}]}}