{"id":430,"date":"2021-01-26T17:26:13","date_gmt":"2021-01-26T16:26:13","guid":{"rendered":"http:\/\/reviseursmarbaix.be\/?page_id=430"},"modified":"2021-04-13T14:25:37","modified_gmt":"2021-04-13T12:25:37","slug":"missions-legales-occasionnelles","status":"publish","type":"page","link":"https:\/\/reviseursmarbaix.be\/index.php\/missions-legales-occasionnelles\/","title":{"rendered":"Missions l\u00e9gales occasionnelles"},"content":{"rendered":"<div data-colibri-id=\"430-c1\" class=\"style-774 style-local-430-c1 position-relative\">\n  <!---->\n  <div data-colibri-component=\"section\" data-colibri-id=\"430-c6\" id=\"features\" class=\"h-section h-section-global-spacing d-flex align-items-lg-center align-items-md-center align-items-center style-779 style-local-430-c6 position-relative\">\n    <!---->\n    <!---->\n    <div class=\"h-section-grid-container h-section-boxed-container\">\n      <div data-colibri-id=\"430-c22\" class=\"h-row-container gutters-row-lg-2 gutters-row-md-2 gutters-row-2 gutters-row-v-lg-2 gutters-row-v-md-2 gutters-row-v-2 style-795 style-local-430-c22 position-relative\">\n        <!---->\n        <div class=\"h-row justify-content-lg-center justify-content-md-center justify-content-center align-items-lg-stretch align-items-md-stretch align-items-stretch gutters-col-lg-2 gutters-col-md-2 gutters-col-2 gutters-col-v-lg-2 gutters-col-v-md-2 gutters-col-v-2\">\n          <!---->\n          <div class=\"h-column h-column-container d-flex h-col-lg-auto h-col-md-auto h-col-auto style-796-outer style-local-430-c23-outer\">\n            <div data-colibri-id=\"430-c23\" class=\"d-flex h-flex-basis h-column__inner h-px-lg-2 h-px-md-2 h-px-2 v-inner-lg-2 v-inner-md-2 v-inner-2 style-796 style-local-430-c23 position-relative\">\n              <!---->\n              <!---->\n              <div class=\"w-100 h-y-container h-column__content h-column__v-align flex-basis-100 align-self-lg-start align-self-md-start align-self-start\">\n                <!---->\n                <div data-colibri-id=\"430-c24\" class=\"h-global-transition-all h-heading style-797 style-local-430-c24 position-relative h-element\">\n                  <!---->\n                  <div class=\"h-heading__outer style-797 style-local-430-c24\">\n                    <!---->\n                    <!---->\n                    <h2 class=\"\">Notre r\u00f4le dans les missions l\u00e9gales occasionnelles<\/h2>\n                  <\/div>\n                <\/div>\n                <div data-colibri-id=\"430-c25\" class=\"h-lead h-text h-text-component style-798 style-local-430-c25 position-relative h-element\">\n                  <!---->\n                  <!---->\n                  <div class=\"\">\n                    <p>Certaines missions prescrites par le Code des Soci\u00e9t\u00e9s et des Associations r\u00e9pondent \u00e0 des besoins ponctuels qui jalonnent la vie d&rsquo;une entreprise<\/p>\n                  <\/div>\n                <\/div>\n              <\/div>\n            <\/div>\n          <\/div>\n        <\/div>\n      <\/div>\n      <div data-colibri-id=\"430-c7\" class=\"h-row-container gutters-row-lg-2 gutters-row-md-2 gutters-row-0 gutters-row-v-lg-2 gutters-row-v-md-2 gutters-row-v-2 style-780 style-local-430-c7 position-relative\">\n        <!---->\n        <div class=\"h-row justify-content-lg-center justify-content-md-center justify-content-center align-items-lg-stretch align-items-md-stretch align-items-stretch gutters-col-lg-2 gutters-col-md-2 gutters-col-0 gutters-col-v-lg-2 gutters-col-v-md-2 gutters-col-v-2\">\n          <!---->\n          <div class=\"h-column h-column-container d-flex h-col-lg-auto h-col-md-auto h-col-auto style-781-outer style-local-430-c8-outer\">\n            <div data-colibri-id=\"430-c8\" class=\"d-flex h-flex-basis h-column__inner h-px-lg-2 h-px-md-2 h-px-2 v-inner-lg-2 v-inner-md-2 v-inner-2 style-781 style-local-430-c8 position-relative\">\n              <!---->\n              <!---->\n              <div class=\"w-100 h-y-container h-column__content h-column__v-align flex-basis-100 align-self-lg-start align-self-md-start align-self-start\">\n                <!---->\n                <div data-colibri-component=\"tabs\" data-colibri-id=\"430-c9\" class=\"h-tabs h-tabs-horizontal h-tabs--horizontal--auto-lg h-tabs--horizontal--auto-md h-tabs--horizontal--full h-tabs h-tabs-horizontal h-tabs--horizontal--auto-lg h-tabs--horizontal--auto-md h-tabs--horizontal--full style-782 style-local-430-c9 position-relative h-element\">\n                  <!---->\n                  <div class=\"h-tabs-navigation d-flex h-tabs-navigation-horizontal\">\n                    <a href=\"#des-la-constitution\" class=\"h-tabs-navigation-item d-flex align-items-center h-global-transition h-tabs-navigation-active-item h-custom-active-state\" rel=\"#des-la-constitution\"><span class=\"h-svg-icon\"><!--Icon by Icons8 Line Awesome (https:\/\/icons8.com\/line-awesome)--><svg version=\"1.1\" xmlns=\"http:\/\/www.w3.org\/2000\/svg\" xmlns:xlink=\"http:\/\/www.w3.org\/1999\/xlink\" id=\"home\" viewBox=\"0 0 512 545.5\"><path d=\"M256 73.5l11.5 11 208 208-23 23L432 295v185H288V320h-64v160H80V295l-20.5 20.5-23-23 208-208zm0 45.5L112 263v185h80V288h128v160h80V263z\"><\/path><\/svg><\/span>                      <span class=\"h-tabs-navigation-item__text\">D\u00e8s la constitution<\/span><\/a>\n                    <a href=\"#en-cours-de-vie\" class=\"h-tabs-navigation-item d-flex align-items-center h-global-transition\" rel=\"#en-cours-de-vie\"><span class=\"h-svg-icon\"><!--Icon by Icons8 Line Awesome (https:\/\/icons8.com\/line-awesome)--><svg version=\"1.1\" xmlns=\"http:\/\/www.w3.org\/2000\/svg\" xmlns:xlink=\"http:\/\/www.w3.org\/1999\/xlink\" id=\"archive\" viewBox=\"0 0 512 545.5\"><path d=\"M64 112h384v96h-16v256H80V208H64v-96zm32 32v32h320v-32H96zm16 64v224h288V208H112zm93 32c.207-.01.543-.018.75-.018s.543.008.75.018c.207-.01.543-.018.75-.018s.543.008.75.018h96l.227-.002c8.833 0 16 7.17 16 16.002s-7.167 16.002-16 16.002L304 272h-96c-.413.04-1.085.07-1.5.07-8.87 0-16.07-7.2-16.07-16.07 0-8.078 6.527-15.246 14.57-16z\"><\/path><\/svg><\/span>                      <span class=\"h-tabs-navigation-item__text\">En cours de vie<\/span><\/a>\n                    <a href=\"#a-la-cloture\" class=\"h-tabs-navigation-item d-flex align-items-center h-global-transition\" rel=\"#a-la-cloture\"><span class=\"h-svg-icon\"><!--Icon by Icons8 Line Awesome (https:\/\/icons8.com\/line-awesome)--><svg version=\"1.1\" xmlns=\"http:\/\/www.w3.org\/2000\/svg\" xmlns:xlink=\"http:\/\/www.w3.org\/1999\/xlink\" id=\"gear\" viewBox=\"0 0 512 545.5\"><path d=\"M211 80h90l2.5 13 9.5 47.5c15.22 5.984 29.021 14.45 41.5 24.5l46.5-16 12.5-4 6.5 11.5 32 55 6.5 11.5-9.5 8.5-36 31.5c1.337 8.204 3 16.346 3 25s-1.664 16.792-3 25l36 31.5 9.5 8.5-6.5 11.5-32 55-6.5 11.5-12.5-4-46.5-16c-12.475 10.048-26.273 18.515-41.5 24.5l-9.5 47.5-2.5 13h-90l-2.5-13-9.5-47.5c-15.22-5.984-29.021-14.45-41.5-24.5L111 427l-12.5 4-6.5-11.5-32-55-6.5-11.5 9.5-8.5L99 313c-1.337-8.204-3-16.346-3-25s1.663-16.796 3-25l-36-31.5-9.5-8.5 6.5-11.5 32-55 6.5-11.5 12.5 4 46.5 16c12.475-10.048 26.273-18.515 41.5-24.5l9.5-47.5zm26 32l-8 41.5-2 9.5-9 3c-18.21 5.678-34.696 15.282-48.5 28l-7 6.5-9-3-40.5-14L94 216l32 28.5 7.5 6-2.5 9.5c-2.04 9.127-3 18.444-3 28s.96 18.873 3 28l2.5 9.5-7.5 6L94 360l19 32.5 40.5-14 9-3 7 6.5c13.8 12.714 30.303 22.32 48.5 28l9 3 2 9.5 8 41.5h38l8-41.5 2-9.5 9-3c18.21-5.68 34.696-15.282 48.5-28l7-6.5 9 3 40.5 14 19-32.5-32-28.5-7-6 2-9.5c2.043-9.148 3-18.444 3-28s-.96-18.873-3-28l-2.5-9.5 7.5-6 32-28.5-19-32.5-40.5 14-9 3-7-6.5c-13.8-12.714-30.303-22.32-48.5-28l-9-3-2-9.5-8-41.5h-38zm19 96c43.993 0 80 36.007 80 80s-36.007 80-80 80-80-36.007-80-80 36.007-80 80-80zm0 32c-26.7 0-48 21.3-48 48s21.3 48 48 48 48-21.3 48-48-21.3-48-48-48z\"><\/path><\/svg><\/span>                      <span class=\"h-tabs-navigation-item__text\">\u00c0 la cl\u00f4ture<\/span><\/a>\n                  <\/div>\n                  <div id=\"des-la-constitution\" skip-smooth-scroll=\"true\" skip-scroll-spy=\"true\" data-colibri-id=\"430-c10\" class=\"h-tabs-item-content h-tabs-item h-tabs-content-horizontal h-tabs-content-430-c10 style-783 style-local-430-c10 position-relative h-element h-tabs-content-active\">\n                    <!---->\n                    <div class=\"w-100 h-y-container\">\n                      <!---->\n                      <div data-colibri-id=\"430-c28\" class=\"icon-list d-flex justify-content-lg-center justify-content-md-center justify-content-center style-801 style-local-430-c28 position-relative h-element\">\n                        <!---->\n                        <ul class=\"ul-list-icon vertical-on-desktop vertical-on-tablet vertical-on-mobile justify-content-lg-center justify-content-md-center justify-content-center\">\n                          <!---->\n                          <li class=\"list-item no-gutters\">\n                            <!---->\n                            <div class=\"list-container-divider d-flex justify-content-lg-center justify-content-md-center justify-content-center first-el-spacer\"><\/div> <span class=\"item-link no-gutters\"><div class=\"d-flex h-col no-gutters align-items-lg-center align-items-md-center align-items-center list-item-text-wrapper\"><div class=\"d-flex\"><span  class=\"h-svg-icon style-801-icon style-local-430-c28-icon\"><!--Icon by Font Awesome (https:\/\/fontawesome.com)--><svg version=\"1.1\" xmlns=\"http:\/\/www.w3.org\/2000\/svg\" xmlns:xlink=\"http:\/\/www.w3.org\/1999\/xlink\" id=\"dot-circle-o\" viewBox=\"0 0 1536 1896.0833\"><path d=\"M1024 896q0 106-75 181t-181 75-181-75-75-181 75-181 181-75 181 75 75 181zM768 352q-148 0-273 73T297 623t-73 273 73 273 198 198 273 73 273-73 198-198 73-273-73-273-198-198-273-73zm768 544q0 209-103 385.5T1153.5 1561 768 1664t-385.5-103T103 1281.5 0 896t103-385.5T382.5 231 768 128t385.5 103T1433 510.5 1536 896z\"><\/path><\/svg><\/span><\/div>\n                      <span class=\"list-text d-block\"><span>Apport en nature<\/span><\/span>\n                    <\/div>\n                    <\/span>\n                    <div class=\"list-container-divider d-flex justify-content-lg-center justify-content-md-center justify-content-center\">\n                      <!---->\n                    <\/div>\n                    <\/li>\n                    <li class=\"list-item no-gutters\">\n                      <!---->\n                      <!----><span class=\"item-link no-gutters\"><div class=\"d-flex h-col no-gutters align-items-lg-center align-items-md-center align-items-center list-item-text-wrapper\"><div class=\"d-flex\"><span  class=\"h-svg-icon style-801-icon style-local-430-c28-icon\"><!--Icon by Font Awesome (https:\/\/fontawesome.com)--><svg version=\"1.1\" xmlns=\"http:\/\/www.w3.org\/2000\/svg\" xmlns:xlink=\"http:\/\/www.w3.org\/1999\/xlink\" id=\"dot-circle-o\" viewBox=\"0 0 1536 1896.0833\"><path d=\"M1024 896q0 106-75 181t-181 75-181-75-75-181 75-181 181-75 181 75 75 181zM768 352q-148 0-273 73T297 623t-73 273 73 273 198 198 273 73 273-73 198-198 73-273-73-273-198-198-273-73zm768 544q0 209-103 385.5T1153.5 1561 768 1664t-385.5-103T103 1281.5 0 896t103-385.5T382.5 231 768 128t385.5 103T1433 510.5 1536 896z\"><\/path><\/svg><\/span><\/div>\n                  <span class=\"list-text d-block\"><span>Quasi-apport (SA)<\/span><\/span>\n                <\/div>\n                <\/span>\n                <div class=\"list-container-divider d-flex justify-content-lg-center justify-content-md-center justify-content-center\" style=\"display: none;\">\n                  <!---->\n                <\/div>\n                <div class=\"list-container-divider d-flex justify-content-lg-center justify-content-md-center justify-content-center last-el-spacer\"><\/div>\n                <\/li>\n                <\/ul>\n              <\/div>\n            <\/div>\n          <\/div>\n          <div id=\"en-cours-de-vie\" skip-smooth-scroll=\"true\" skip-scroll-spy=\"true\" data-colibri-id=\"430-c14\" class=\"h-tabs-item-content h-tabs-item h-tabs-content-horizontal h-tabs-content-430-c14 style-787 style-local-430-c14 position-relative h-element hide\">\n            <!---->\n            <div class=\"w-100 h-y-container\">\n              <!---->\n              <div data-colibri-id=\"430-c27\" class=\"icon-list d-flex justify-content-lg-center justify-content-md-center justify-content-center style-800 style-local-430-c27 position-relative h-element\">\n                <!---->\n                <ul class=\"ul-list-icon vertical-on-desktop vertical-on-tablet vertical-on-mobile justify-content-lg-center justify-content-md-center justify-content-center\">\n                  <!---->\n                  <li class=\"list-item no-gutters\">\n                    <!---->\n                    <div class=\"list-container-divider d-flex justify-content-lg-center justify-content-md-center justify-content-center first-el-spacer\"><\/div> <span class=\"item-link no-gutters\"><div class=\"d-flex h-col no-gutters align-items-lg-center align-items-md-center align-items-center list-item-text-wrapper\"><div class=\"d-flex\"><span  class=\"h-svg-icon style-800-icon style-local-430-c27-icon\"><!--Icon by Font Awesome (https:\/\/fontawesome.com)--><svg version=\"1.1\" xmlns=\"http:\/\/www.w3.org\/2000\/svg\" xmlns:xlink=\"http:\/\/www.w3.org\/1999\/xlink\" id=\"dot-circle-o\" viewBox=\"0 0 1536 1896.0833\"><path d=\"M1024 896q0 106-75 181t-181 75-181-75-75-181 75-181 181-75 181 75 75 181zM768 352q-148 0-273 73T297 623t-73 273 73 273 198 198 273 73 273-73 198-198 73-273-73-273-198-198-273-73zm768 544q0 209-103 385.5T1153.5 1561 768 1664t-385.5-103T103 1281.5 0 896t103-385.5T382.5 231 768 128t385.5 103T1433 510.5 1536 896z\"><\/path><\/svg><\/span><\/div>\n              <span class=\"list-text d-block\"><span>Augmentation de capital<\/span><\/span>\n            <\/div>\n            <\/span>\n            <div class=\"list-container-divider d-flex justify-content-lg-center justify-content-md-center justify-content-center\">\n              <!---->\n            <\/div>\n            <\/li>\n            <li class=\"list-item no-gutters\">\n              <!---->\n              <!----><span class=\"item-link no-gutters\"><div class=\"d-flex h-col no-gutters align-items-lg-center align-items-md-center align-items-center list-item-text-wrapper\"><div class=\"d-flex\"><span  class=\"h-svg-icon style-800-icon style-local-430-c27-icon\"><!--Icon by Font Awesome (https:\/\/fontawesome.com)--><svg version=\"1.1\" xmlns=\"http:\/\/www.w3.org\/2000\/svg\" xmlns:xlink=\"http:\/\/www.w3.org\/1999\/xlink\" id=\"dot-circle-o\" viewBox=\"0 0 1536 1896.0833\"><path d=\"M1024 896q0 106-75 181t-181 75-181-75-75-181 75-181 181-75 181 75 75 181zM768 352q-148 0-273 73T297 623t-73 273 73 273 198 198 273 73 273-73 198-198 73-273-73-273-198-198-273-73zm768 544q0 209-103 385.5T1153.5 1561 768 1664t-385.5-103T103 1281.5 0 896t103-385.5T382.5 231 768 128t385.5 103T1433 510.5 1536 896z\"><\/path><\/svg><\/span><\/div>\n          <span class=\"list-text d-block\"><span>Transformation de forme juridique<\/span><\/span>\n        <\/div>\n        <\/span>\n        <div class=\"list-container-divider d-flex justify-content-lg-center justify-content-md-center justify-content-center\">\n          <!---->\n        <\/div>\n        <\/li>\n        <li class=\"list-item no-gutters\">\n          <!---->\n          <!----><span class=\"item-link no-gutters\"><div class=\"d-flex h-col no-gutters align-items-lg-center align-items-md-center align-items-center list-item-text-wrapper\"><div class=\"d-flex\"><span  class=\"h-svg-icon style-800-icon style-local-430-c27-icon\"><!--Icon by Font Awesome (https:\/\/fontawesome.com)--><svg version=\"1.1\" xmlns=\"http:\/\/www.w3.org\/2000\/svg\" xmlns:xlink=\"http:\/\/www.w3.org\/1999\/xlink\" id=\"dot-circle-o\" viewBox=\"0 0 1536 1896.0833\"><path d=\"M1024 896q0 106-75 181t-181 75-181-75-75-181 75-181 181-75 181 75 75 181zM768 352q-148 0-273 73T297 623t-73 273 73 273 198 198 273 73 273-73 198-198 73-273-73-273-198-198-273-73zm768 544q0 209-103 385.5T1153.5 1561 768 1664t-385.5-103T103 1281.5 0 896t103-385.5T382.5 231 768 128t385.5 103T1433 510.5 1536 896z\"><\/path><\/svg><\/span><\/div>\n      <span class=\"list-text d-block\"><span>Fusion<\/span><\/span>\n    <\/div>\n    <\/span>\n    <div class=\"list-container-divider d-flex justify-content-lg-center justify-content-md-center justify-content-center\">\n      <!---->\n    <\/div>\n    <\/li>\n    <li class=\"list-item no-gutters\">\n      <!---->\n      <!----><span class=\"item-link no-gutters\"><div class=\"d-flex h-col no-gutters align-items-lg-center align-items-md-center align-items-center list-item-text-wrapper\"><div class=\"d-flex\"><span  class=\"h-svg-icon style-800-icon style-local-430-c27-icon\"><!--Icon by Font Awesome (https:\/\/fontawesome.com)--><svg version=\"1.1\" xmlns=\"http:\/\/www.w3.org\/2000\/svg\" xmlns:xlink=\"http:\/\/www.w3.org\/1999\/xlink\" id=\"dot-circle-o\" viewBox=\"0 0 1536 1896.0833\"><path d=\"M1024 896q0 106-75 181t-181 75-181-75-75-181 75-181 181-75 181 75 75 181zM768 352q-148 0-273 73T297 623t-73 273 73 273 198 198 273 73 273-73 198-198 73-273-73-273-198-198-273-73zm768 544q0 209-103 385.5T1153.5 1561 768 1664t-385.5-103T103 1281.5 0 896t103-385.5T382.5 231 768 128t385.5 103T1433 510.5 1536 896z\"><\/path><\/svg><\/span><\/div>\n  <span class=\"list-text d-block\"><span>Scission<\/span><\/span>\n<\/div>\n<\/span>\n<div class=\"list-container-divider d-flex justify-content-lg-center justify-content-md-center justify-content-center\">\n  <!---->\n<\/div>\n<\/li>\n<li class=\"list-item no-gutters\">\n  <!---->\n  <!----><span class=\"item-link no-gutters\"><div class=\"d-flex h-col no-gutters align-items-lg-center align-items-md-center align-items-center list-item-text-wrapper\"><div class=\"d-flex\"><span  class=\"h-svg-icon style-800-icon style-local-430-c27-icon\"><!--Icon by Font Awesome (https:\/\/fontawesome.com)--><svg version=\"1.1\" xmlns=\"http:\/\/www.w3.org\/2000\/svg\" xmlns:xlink=\"http:\/\/www.w3.org\/1999\/xlink\" id=\"dot-circle-o\" viewBox=\"0 0 1536 1896.0833\"><path d=\"M1024 896q0 106-75 181t-181 75-181-75-75-181 75-181 181-75 181 75 75 181zM768 352q-148 0-273 73T297 623t-73 273 73 273 198 198 273 73 273-73 198-198 73-273-73-273-198-198-273-73zm768 544q0 209-103 385.5T1153.5 1561 768 1664t-385.5-103T103 1281.5 0 896t103-385.5T382.5 231 768 128t385.5 103T1433 510.5 1536 896z\"><\/path><\/svg><\/span><\/div>\n  <span class=\"list-text d-block\"><span>Vente forc\u00e9e d&rsquo;actions<\/span><\/span>\n  <\/div>\n  <\/span>\n  <div class=\"list-container-divider d-flex justify-content-lg-center justify-content-md-center justify-content-center\" style=\"display: none;\">\n    <!---->\n  <\/div>\n  <div class=\"list-container-divider d-flex justify-content-lg-center justify-content-md-center justify-content-center last-el-spacer\"><\/div>\n<\/li>\n<\/ul>\n<\/div>\n<\/div>\n<\/div>\n<div id=\"a-la-cloture\" skip-smooth-scroll=\"true\" skip-scroll-spy=\"true\" data-colibri-id=\"430-c18\" class=\"h-tabs-item-content h-tabs-item h-tabs-content-horizontal h-tabs-content-430-c18 style-791 style-local-430-c18 position-relative h-element hide\">\n  <!---->\n  <div class=\"w-100 h-y-container\">\n    <!---->\n    <div data-colibri-id=\"430-c26\" class=\"icon-list d-flex justify-content-lg-center justify-content-md-center justify-content-center style-799 style-local-430-c26 position-relative h-element\">\n      <!---->\n      <ul class=\"ul-list-icon vertical-on-desktop vertical-on-tablet vertical-on-mobile justify-content-lg-center justify-content-md-center justify-content-center\">\n        <!---->\n        <li class=\"list-item no-gutters\">\n          <!---->\n          <div class=\"list-container-divider d-flex justify-content-lg-center justify-content-md-center justify-content-center first-el-spacer\"><\/div> <span class=\"item-link no-gutters\"><div class=\"d-flex h-col no-gutters align-items-lg-center align-items-md-center align-items-center list-item-text-wrapper\"><div class=\"d-flex\"><span  class=\"h-svg-icon style-799-icon style-local-430-c26-icon\"><!--Icon by Font Awesome (https:\/\/fontawesome.com)--><svg version=\"1.1\" xmlns=\"http:\/\/www.w3.org\/2000\/svg\" xmlns:xlink=\"http:\/\/www.w3.org\/1999\/xlink\" id=\"dot-circle-o\" viewBox=\"0 0 1536 1896.0833\"><path d=\"M1024 896q0 106-75 181t-181 75-181-75-75-181 75-181 181-75 181 75 75 181zM768 352q-148 0-273 73T297 623t-73 273 73 273 198 198 273 73 273-73 198-198 73-273-73-273-198-198-273-73zm768 544q0 209-103 385.5T1153.5 1561 768 1664t-385.5-103T103 1281.5 0 896t103-385.5T382.5 231 768 128t385.5 103T1433 510.5 1536 896z\"><\/path><\/svg><\/span><\/div>\n    <span class=\"list-text d-block\"><span>Liquidation en un acte<\/span><\/span>\n  <\/div>\n  <\/span>\n  <div class=\"list-container-divider d-flex justify-content-lg-center justify-content-md-center justify-content-center\">\n    <!---->\n  <\/div>\n  <\/li>\n  <li class=\"list-item no-gutters\">\n    <!---->\n    <!----><span class=\"item-link no-gutters\"><div class=\"d-flex h-col no-gutters align-items-lg-center align-items-md-center align-items-center list-item-text-wrapper\"><div class=\"d-flex\"><span  class=\"h-svg-icon style-799-icon style-local-430-c26-icon\"><!--Icon by Font Awesome (https:\/\/fontawesome.com)--><svg version=\"1.1\" xmlns=\"http:\/\/www.w3.org\/2000\/svg\" xmlns:xlink=\"http:\/\/www.w3.org\/1999\/xlink\" id=\"dot-circle-o\" viewBox=\"0 0 1536 1896.0833\"><path d=\"M1024 896q0 106-75 181t-181 75-181-75-75-181 75-181 181-75 181 75 75 181zM768 352q-148 0-273 73T297 623t-73 273 73 273 198 198 273 73 273-73 198-198 73-273-73-273-198-198-273-73zm768 544q0 209-103 385.5T1153.5 1561 768 1664t-385.5-103T103 1281.5 0 896t103-385.5T382.5 231 768 128t385.5 103T1433 510.5 1536 896z\"><\/path><\/svg><\/span><\/div>\n<span class=\"list-text d-block\"><span>Liquidation en deux actes<\/span><\/span>\n<\/div>\n<\/span>\n<div class=\"list-container-divider d-flex justify-content-lg-center justify-content-md-center justify-content-center\" style=\"display: none;\">\n  <!---->\n<\/div>\n<div class=\"list-container-divider d-flex justify-content-lg-center justify-content-md-center justify-content-center last-el-spacer\"><\/div>\n<\/li>\n<\/ul>\n<\/div>\n<\/div>\n<\/div>\n<\/div>\n<\/div>\n<\/div>\n<\/div>\n<\/div>\n<\/div>\n<\/div>\n<\/div>\n<\/div>","protected":false},"excerpt":{"rendered":"<p>Notre r\u00f4le dans les missions l\u00e9gales occasionnelles Certaines missions prescrites par le Code des Soci\u00e9t\u00e9s et des Associations r\u00e9pondent \u00e0 des besoins ponctuels qui jalonnent la vie d&rsquo;une entreprise D\u00e8s la constitution En cours de vie \u00c0 la cl\u00f4ture Apport en nature Quasi-apport (SA) Augmentation de capital Transformation de forme juridique Fusion Scission Vente forc\u00e9e [&hellip;]<\/p>\n","protected":false},"author":1,"featured_media":0,"parent":0,"menu_order":0,"comment_status":"closed","ping_status":"closed","template":"page-templates\/full-width-page.php","meta":{"footnotes":""},"class_list":["post-430","page","type-page","status-publish","hentry"],"_links":{"self":[{"href":"https:\/\/reviseursmarbaix.be\/index.php\/wp-json\/wp\/v2\/pages\/430","targetHints":{"allow":["GET"]}}],"collection":[{"href":"https:\/\/reviseursmarbaix.be\/index.php\/wp-json\/wp\/v2\/pages"}],"about":[{"href":"https:\/\/reviseursmarbaix.be\/index.php\/wp-json\/wp\/v2\/types\/page"}],"author":[{"embeddable":true,"href":"https:\/\/reviseursmarbaix.be\/index.php\/wp-json\/wp\/v2\/users\/1"}],"replies":[{"embeddable":true,"href":"https:\/\/reviseursmarbaix.be\/index.php\/wp-json\/wp\/v2\/comments?post=430"}],"version-history":[{"count":3,"href":"https:\/\/reviseursmarbaix.be\/index.php\/wp-json\/wp\/v2\/pages\/430\/revisions"}],"predecessor-version":[{"id":790,"href":"https:\/\/reviseursmarbaix.be\/index.php\/wp-json\/wp\/v2\/pages\/430\/revisions\/790"}],"wp:attachment":[{"href":"https:\/\/reviseursmarbaix.be\/index.php\/wp-json\/wp\/v2\/media?parent=430"}],"curies":[{"name":"wp","href":"https:\/\/api.w.org\/{rel}","templated":true}]}}